{"id":129,"date":"2017-06-09T12:20:37","date_gmt":"2017-06-09T12:20:37","guid":{"rendered":"http:\/\/www.heraclesloaders.com\/?page_id=129"},"modified":"2023-10-27T13:59:10","modified_gmt":"2023-10-27T13:59:10","slug":"heracles-wheel-loaders","status":"publish","type":"page","link":"https:\/\/www.heraclesloaders.com\/es\/heracles-wheel-loaders\/","title":{"rendered":"Contacto"},"content":{"rendered":"<body><div id=\"pl-129\" class=\"panel-layout\"><div id=\"pg-129-0\" class=\"panel-grid panel-has-style\"><div class=\"siteorigin-panels-stretch panel-row-style panel-row-style-for-129-0\" style=\"padding: 40px 0; \" data-stretch-type=\"full\" data-overlay=\"true\" data-overlay-color=\"#000000\"><div id=\"pgc-129-0-0\" class=\"panel-grid-cell\"><div id=\"panel-129-0-0-0\" class=\"so-panel widget widget_black-studio-tinymce widget_black_studio_tinymce panel-first-child panel-last-child\" data-index=\"0\"><div style=\"text-align: left;\" data-title-color=\"#443f3f\" data-headings-color=\"#443f3f\" class=\"panel-widget-style panel-widget-style-for-129-0-0-0\"><h3 class=\"widget-title\">HERACLES Wheel Loaders &amp; Construction Machinery<\/h3><div class=\"textwidget\"><h3 style=\"text-align: center;\">CONTACTO<\/h3>\n<\/div><\/div><\/div><\/div><\/div><\/div><div id=\"pg-129-1\" class=\"panel-grid panel-has-style\"><div class=\"siteorigin-panels-stretch panel-row-style panel-row-style-for-129-1\" style=\"padding: 20px 0; \" data-stretch-type=\"full\" data-overlay=\"true\" data-overlay-color=\"#000000\"><div id=\"pgc-129-1-0\" class=\"panel-grid-cell\"><div id=\"panel-129-1-0-0\" class=\"so-panel widget widget_black-studio-tinymce widget_black_studio_tinymce panel-first-child\" data-index=\"1\"><div style=\"text-align: left;\" data-title-color=\"#443f3f\" data-headings-color=\"#443f3f\" class=\"panel-widget-style panel-widget-style-for-129-1-0-0\"><div class=\"textwidget\"><p><strong>HERACLES Wheel Loaders &amp; Construction Machinery<\/strong><br>\nQingdao Heracles Machinery Manufacturing Co., Ltd<br>\nZona Industrial D<br>\nQingdao - Shandong<br>\nCHINA<br>\nTel\u00e9fono: +86 134-7858-5715<\/p>\n<hr>\n<\/div><\/div><\/div><div id=\"panel-129-1-0-1\" class=\"so-panel widget widget_sow-image panel-last-child\" data-index=\"2\"><div style=\"text-align: left;\" data-title-color=\"#443f3f\" data-headings-color=\"#443f3f\" class=\"panel-widget-style panel-widget-style-for-129-1-0-1\"><div class=\"so-widget-sow-image so-widget-sow-image-default-dbf295114b96-129\">\n<div class=\"sow-image-container\">\n\t\t<img decoding=\"async\" src=\"https:\/\/i0.wp.com\/www.heraclesloaders.com\/wp-content\/uploads\/2017\/11\/QINGDAO-HERACLES-MACHINERY.png?fit=975%2C604&amp;ssl=1\" width=\"975\" height=\"604\" srcset=\"https:\/\/i0.wp.com\/www.heraclesloaders.com\/wp-content\/uploads\/2017\/11\/QINGDAO-HERACLES-MACHINERY.png?w=975&amp;ssl=1 975w, https:\/\/i0.wp.com\/www.heraclesloaders.com\/wp-content\/uploads\/2017\/11\/QINGDAO-HERACLES-MACHINERY.png?resize=300%2C186&amp;ssl=1 300w, https:\/\/i0.wp.com\/www.heraclesloaders.com\/wp-content\/uploads\/2017\/11\/QINGDAO-HERACLES-MACHINERY.png?resize=768%2C476&amp;ssl=1 768w, https:\/\/i0.wp.com\/www.heraclesloaders.com\/wp-content\/uploads\/2017\/11\/QINGDAO-HERACLES-MACHINERY.png?resize=830%2C514&amp;ssl=1 830w, https:\/\/i0.wp.com\/www.heraclesloaders.com\/wp-content\/uploads\/2017\/11\/QINGDAO-HERACLES-MACHINERY.png?resize=230%2C142&amp;ssl=1 230w, https:\/\/i0.wp.com\/www.heraclesloaders.com\/wp-content\/uploads\/2017\/11\/QINGDAO-HERACLES-MACHINERY.png?resize=350%2C217&amp;ssl=1 350w, https:\/\/i0.wp.com\/www.heraclesloaders.com\/wp-content\/uploads\/2017\/11\/QINGDAO-HERACLES-MACHINERY.png?resize=480%2C297&amp;ssl=1 480w\" title=\"Qingdao Heracles Machinery Manufacturing\" alt=\"Qingdao Heracles Machinery Manufacturing\" class=\"so-widget-image\" loading=\"lazy\">\n\t<\/div>\n\n<\/div><\/div><\/div><\/div><div id=\"pgc-129-1-1\" class=\"panel-grid-cell\"><div id=\"panel-129-1-1-0\" class=\"so-panel widget widget_black-studio-tinymce widget_black_studio_tinymce panel-first-child panel-last-child\" data-index=\"3\"><div style=\"text-align: left;\" data-title-color=\"#443f3f\" data-headings-color=\"#443f3f\" class=\"panel-widget-style panel-widget-style-for-129-1-1-0\"><div class=\"textwidget\"><p>\n<\/p><div class=\"wpcf7 no-js\" id=\"wpcf7-f5-o1\" lang=\"en-US\" dir=\"ltr\" data-wpcf7-id=\"5\">\n<div class=\"screen-reader-response\"><p role=\"status\" aria-live=\"polite\" aria-atomic=\"true\"><\/p> <ul><\/ul><\/div>\n<form action=\"\/es\/wp-json\/wp\/v2\/pages\/129#wpcf7-f5-o1\" method=\"post\" class=\"wpcf7-form init\" aria-label=\"Contact form\" novalidate=\"novalidate\" data-status=\"init\" data-trp-original-action=\"\/es\/wp-json\/wp\/v2\/pages\/129#wpcf7-f5-o1\">\n<fieldset class=\"hidden-fields-container\"><input type=\"hidden\" name=\"_wpcf7\" value=\"5\"><input type=\"hidden\" name=\"_wpcf7_version\" value=\"6.1.5\"><input type=\"hidden\" name=\"_wpcf7_locale\" value=\"en_US\"><input type=\"hidden\" name=\"_wpcf7_unit_tag\" value=\"wpcf7-f5-o1\"><input type=\"hidden\" name=\"_wpcf7_container_post\" value=\"0\"><input type=\"hidden\" name=\"_wpcf7_posted_data_hash\" value=\"\"><input type=\"hidden\" name=\"_wpcf7_recaptcha_response\" value=\"\">\n<\/fieldset>\n<p> Nombre (obligatorio)<br>\n<span class=\"wpcf7-form-control-wrap\" data-name=\"your-name\"><input size=\"40\" maxlength=\"400\" class=\"wpcf7-form-control wpcf7-text wpcf7-validates-as-required\" aria-required=\"true\" aria-invalid=\"false\" value=\"\" type=\"text\" name=\"your-name\"><\/span>\n<\/p>\n<p> Direcci\u00f3n email (obligatorio)<br>\n<span class=\"wpcf7-form-control-wrap\" data-name=\"your-email\"><input size=\"40\" maxlength=\"400\" class=\"wpcf7-form-control wpcf7-email wpcf7-validates-as-required wpcf7-text wpcf7-validates-as-email\" aria-required=\"true\" aria-invalid=\"false\" value=\"\" type=\"email\" name=\"your-email\"><\/span>\n<\/p>\n<p> T\u00edtulo de mensaje<br>\n<span class=\"wpcf7-form-control-wrap\" data-name=\"your-subject\"><input size=\"40\" maxlength=\"400\" class=\"wpcf7-form-control wpcf7-text\" aria-invalid=\"false\" value=\"\" type=\"text\" name=\"your-subject\"><\/span>\n<\/p>\n<p> Mensaje<br>\n<span class=\"wpcf7-form-control-wrap\" data-name=\"your-message\"><textarea cols=\"40\" rows=\"10\" maxlength=\"2000\" class=\"wpcf7-form-control wpcf7-textarea\" aria-invalid=\"false\" name=\"your-message\"><\/textarea><\/span>\n<\/p>\n<p><input class=\"wpcf7-form-control wpcf7-submit has-spinner\" type=\"submit\" value=\"Enviar\">\n<\/p><p style=\"display: none !important;\" class=\"akismet-fields-container\" data-prefix=\"_wpcf7_ak_\"><label>\u0394<textarea name=\"_wpcf7_ak_hp_textarea\" cols=\"45\" rows=\"8\" maxlength=\"100\"><\/textarea><\/label><input type=\"hidden\" id=\"ak_js_1\" name=\"_wpcf7_ak_js\" value=\"169\"><script>document.getElementById( \"ak_js_1\" ).setAttribute( \"value\", ( new Date() ).getTime() );<\/script><\/p><div class=\"wpcf7-response-output\" aria-hidden=\"true\"><\/div>\n<input type=\"hidden\" name=\"trp-form-language\" value=\"es\"\/><\/form>\n<\/div>\n\n<\/div><\/div><\/div><\/div><\/div><\/div><div id=\"pg-129-2\" class=\"panel-grid panel-has-style\"><div class=\"siteorigin-panels-stretch panel-row-style panel-row-style-for-129-2\" style=\"padding: 20px 0; \" data-stretch-type=\"full\" data-overlay=\"true\" data-overlay-color=\"#000000\"><div id=\"pgc-129-2-0\" class=\"panel-grid-cell\"><div id=\"panel-129-2-0-0\" class=\"so-panel widget widget_sydney_action sydney_action_widget panel-first-child panel-last-child\" data-index=\"4\"><div style=\"text-align: left;\" data-title-color=\"#443f3f\" data-headings-color=\"#443f3f\" class=\"panel-widget-style panel-widget-style-for-129-2-0-0\">        <div class=\"roll-promobox aside-style\">\r\n\t\t\t<div class=\"promo-wrap\">\r\n\t\t\t\t\t\t\t\t<div class=\"promo-content\">\r\n\t\t\t\t\t<h3 class=\"title\">Are you interested in working with HERACLES Wheel Loaders &amp; Construction Machinery?<\/h3>\r\n\t\t\t\t<\/div>\r\n\t\t\t\t\t\t\t\t<div class=\"promo-controls\">\r\n\t\t\t\t\t<a href=\"\" class=\"roll-button border\">Contacte con nosotros<\/a>\r\n\t\t\t\t<\/div>\r\n\t\t\t<\/div>\r\n        <\/div>\r\n\t<\/div><\/div><\/div><\/div><\/div><div id=\"pg-129-3\" class=\"panel-grid panel-has-style\"><div class=\"siteorigin-panels-stretch panel-row-style panel-row-style-for-129-3\" style=\"padding: 10px 0; \" data-stretch-type=\"full\" data-overlay=\"true\" data-overlay-color=\"#000000\"><div id=\"pgc-129-3-0\" class=\"panel-grid-cell\"><div id=\"panel-129-3-0-0\" class=\"so-panel widget widget_sow-social-media-buttons panel-first-child\" data-index=\"5\"><div style=\"text-align: left;\" data-title-color=\"#443f3f\" data-headings-color=\"#443f3f\" class=\"panel-widget-style panel-widget-style-for-129-3-0-0\"><div class=\"so-widget-sow-social-media-buttons so-widget-sow-social-media-buttons-atom-a9d5ccf36418-129\">\n\n<div class=\"social-media-button-container\">\n\t\n\t\t<a class=\"ow-button-hover sow-social-media-button-facebook-0 sow-social-media-button\" title=\"HERACLES Wheel Loaders OFFICIAL SITE en Facebook\" aria-label=\"HERACLES Wheel Loaders OFFICIAL SITE en Facebook\" target=\"_blank\" rel=\"noopener noreferrer\" href=\"https:\/\/www.facebook.com\/heraclesloaders\">\n\t\t\t<span>\n\t\t\t\t\t\t\t\t<span class=\"sow-icon-fontawesome sow-fab\" data-sow-icon=\"\uf39e\" aria-hidden=\"true\"><\/span>\t\t\t\t\t\t\t<\/span>\n\t\t<\/a>\n\t\n\t\t<a class=\"ow-button-hover sow-social-media-button-youtube-0 sow-social-media-button\" title=\"HERACLES Wheel Loaders OFFICIAL SITE en Youtube\" aria-label=\"HERACLES Wheel Loaders OFFICIAL SITE en Youtube\" target=\"_blank\" rel=\"noopener noreferrer\" href=\"https:\/\/www.youtube.com\/@heraclesloaders\">\n\t\t\t<span>\n\t\t\t\t\t\t\t\t<span class=\"sow-icon-fontawesome sow-fab\" data-sow-icon=\"\uf167\" aria-hidden=\"true\"><\/span>\t\t\t\t\t\t\t<\/span>\n\t\t<\/a>\n\t\n\t\t<a class=\"ow-button-hover sow-social-media-button-instagram-0 sow-social-media-button\" title=\"HERACLES Wheel Loaders OFFICIAL SITE en Instagram\" aria-label=\"HERACLES Wheel Loaders OFFICIAL SITE en Instagram\" target=\"_blank\" rel=\"noopener noreferrer\" href=\"https:\/\/instagram.com\/heracles_wheel_loaders\">\n\t\t\t<span>\n\t\t\t\t\t\t\t\t<span class=\"sow-icon-fontawesome sow-fab\" data-sow-icon=\"\uf16d\" aria-hidden=\"true\"><\/span>\t\t\t\t\t\t\t<\/span>\n\t\t<\/a>\n\t<\/div>\n<\/div><\/div><\/div><div id=\"panel-129-3-0-1\" class=\"so-panel widget widget_siteorigin-panels-builder panel-last-child\" data-index=\"6\"><div style=\"text-align: left;\" data-title-color=\"#443f3f\" data-headings-color=\"#443f3f\" class=\"panel-widget-style panel-widget-style-for-129-3-0-1\"><div id=\"pl-w621ef97fcd673\" class=\"panel-layout\"><div id=\"pg-w621ef97fcd673-0\" class=\"panel-grid panel-has-style\"><div class=\"siteorigin-panels-stretch panel-row-style panel-row-style-for-w621ef97fcd673-0\" style=\"padding: 0px 0; \" data-stretch-type=\"full\" data-overlay=\"true\" data-overlay-color=\"#000000\"><div id=\"pgc-w621ef97fcd673-0-0\" class=\"panel-grid-cell\"><div id=\"panel-w621ef97fcd673-0-0-0\" class=\"so-panel widget widget_sow-editor panel-first-child panel-last-child\" data-index=\"0\"><div style=\"text-align: left;\" data-title-color=\"#443f3f\" data-headings-color=\"#443f3f\" class=\"panel-widget-style panel-widget-style-for-w621ef97fcd673-0-0-0\"><div class=\"so-widget-sow-editor so-widget-sow-editor-base\">\n<div class=\"siteorigin-widget-tinymce textwidget\">\n\t<p><\/p><span><strong>EMPRESA<\/strong><\/span>\n<p><span style=\"font-size: small;\"> At HERACLES Wheel Loaders &amp; Construction Equipment we strive to make the best equipment in the market by focusing on quality, reliability and design. <\/span><\/p>\n<p><span style=\"font-size: small;\"> Nuestro equipo de soporte dedicado le ayudar\u00e1 en todo momento. Estamos disponibles 24 horas al d\u00eda, 7 d\u00edas a la semana. <\/span><\/p>\n<\/div>\n<\/div><\/div><\/div><\/div><div id=\"pgc-w621ef97fcd673-0-1\" class=\"panel-grid-cell\"><div id=\"panel-w621ef97fcd673-0-1-0\" class=\"so-panel widget widget_sow-editor panel-first-child panel-last-child\" data-index=\"1\"><div style=\"text-align: left;\" data-title-color=\"#443f3f\" data-headings-color=\"#443f3f\" class=\"panel-widget-style panel-widget-style-for-w621ef97fcd673-0-1-0\"><div class=\"so-widget-sow-editor so-widget-sow-editor-base\">\n<div class=\"siteorigin-widget-tinymce textwidget\">\n\t<p><\/p><strong>HERACLES<\/strong>\n<p><span style=\"font-size: small;\"><a href=\"http:\/\/www.heraclesloaders.com\/es\/\">P\u00e1gina Principal<\/a><\/span><\/p>\n<p><span style=\"font-size: small;\"><a href=\"http:\/\/www.heraclesloaders.com\/es\/heracles-h580-wheel-loader\/\">Cargadoras<\/a><\/span><\/p>\n<p><span style=\"font-size: small;\"><a href=\"http:\/\/www.heraclesloaders.com\/es\/h580t-telescopic-loader\/\">Cargadoras Telesc\u00f3picas<\/a><\/span><\/p>\n<p><span style=\"font-size: small;\"><a href=\"http:\/\/www.heraclesloaders.com\/es\/heracles-loader\/\">Accesorios<\/a><\/span><\/p>\n<\/div>\n<\/div><\/div><\/div><\/div><div id=\"pgc-w621ef97fcd673-0-2\" class=\"panel-grid-cell\"><div id=\"panel-w621ef97fcd673-0-2-0\" class=\"so-panel widget widget_sow-editor panel-first-child panel-last-child\" data-index=\"2\"><div style=\"text-align: left;\" data-title-color=\"#443f3f\" data-headings-color=\"#443f3f\" class=\"panel-widget-style panel-widget-style-for-w621ef97fcd673-0-2-0\"><div class=\"so-widget-sow-editor so-widget-sow-editor-base\">\n<div class=\"siteorigin-widget-tinymce textwidget\">\n\t<p><\/p><span>\u00a0<\/span>\n<p><span style=\"font-size: small;\"><a href=\"http:\/\/www.heraclesloaders.com\/es\/heracles-wheel-loaders\/\">Contacto<\/a><\/span><\/p>\n<p><span style=\"font-size: small;\"><a href=\"http:\/\/www.heraclesloaders.com\/es\/heracles-wheel-loaders\/\">Sobre Nosotros<\/a><\/span><\/p>\n<p><span style=\"font-size: small;\"><a href=\"http:\/\/www.heraclesloaders.com\/es\/heracles-loaders\/\">Piezas<\/a><\/span><\/p>\n<p><span style=\"font-size: small;\"><a href=\"http:\/\/www.heraclesloaders.com\/es\/heracles\/\">Garant\u00eda<\/a><\/span><\/p>\n<\/div>\n<\/div><\/div><\/div><\/div><div id=\"pgc-w621ef97fcd673-0-3\" class=\"panel-grid-cell panel-grid-cell-empty\"><\/div><div id=\"pgc-w621ef97fcd673-0-4\" class=\"panel-grid-cell\"><div id=\"panel-w621ef97fcd673-0-4-0\" class=\"so-panel widget widget_sow-editor panel-first-child panel-last-child\" data-index=\"3\"><div style=\"text-align: left;\" data-title-color=\"#443f3f\" data-headings-color=\"#443f3f\" class=\"panel-widget-style panel-widget-style-for-w621ef97fcd673-0-4-0\"><div class=\"so-widget-sow-editor so-widget-sow-editor-base\">\n<div class=\"siteorigin-widget-tinymce textwidget\">\n\t<p><\/p><strong>HORARIOS<\/strong>\n<p><span style=\"font-size: small;\">Soporte T\u00e9cnico - abierto a todas horas.<\/span><\/p>\n<p><span style=\"font-size: small;\"><strong>HORARIO F\u00c1BRICA<\/strong><br>Lunes - S\u00e1bado:  9am - 5pm <br>Domingo:  9am - 2pm<\/span><\/p>\n<p><\/p>\n<\/div>\n<\/div><\/div><\/div><\/div><div id=\"pgc-w621ef97fcd673-0-5\" class=\"panel-grid-cell\"><div id=\"panel-w621ef97fcd673-0-5-0\" class=\"so-panel widget widget_sow-editor panel-first-child panel-last-child\" data-index=\"4\"><div style=\"text-align: left;\" data-title-color=\"#443f3f\" data-headings-color=\"#443f3f\" class=\"panel-widget-style panel-widget-style-for-w621ef97fcd673-0-5-0\"><div class=\"so-widget-sow-editor so-widget-sow-editor-base\">\n<div class=\"siteorigin-widget-tinymce textwidget\">\n\t<p><\/p><strong>F\u00c1BRICA<\/strong>\n<p><span style=\"font-size: small;\"><strong>DIRECCI\u00d3N<\/strong><br>Qingdao Heracles Machinery Manufacturing<br> Zona Industrial D<br>Qingdao - Shandong<br>CHINA<br>TEL\u00c9FONO: +86 1347 8585 715<\/span><\/p>\n<\/div>\n<\/div><\/div><\/div><\/div><\/div><\/div><\/div><\/div><\/div><\/div><\/div><\/div><\/div><\/body>","protected":false},"excerpt":{"rendered":"<p>CONTACT US HERACLES Wheel Loaders &#038; Construction Machinery Qingdao Heracles Machinery Manufacturing Co., Ltd D Industrial Zone Qingdao &#8211; Shandong CHINA TELEPHONE: +86 134-7858-5715<\/p>","protected":false},"author":1,"featured_media":0,"parent":0,"menu_order":0,"comment_status":"closed","ping_status":"closed","template":"page-templates\/page_front-page.php","meta":{"om_disable_all_campaigns":false,"_monsterinsights_skip_tracking":false,"_monsterinsights_sitenote_active":false,"_monsterinsights_sitenote_note":"","_monsterinsights_sitenote_category":0,"footnotes":""},"class_list":["post-129","page","type-page","status-publish","hentry"],"yoast_head":"<!-- This site is optimized with the Yoast SEO plugin v27.4 - https:\/\/yoast.com\/product\/yoast-seo-wordpress\/ -->\n<title>Contact Us - HERACLES Wheel Loaders OFFICIAL SITE<\/title>\n<meta name=\"robots\" content=\"index, follow, max-snippet:-1, max-image-preview:large, max-video-preview:-1\" \/>\n<link rel=\"canonical\" href=\"http:\/\/www.heraclesloaders.com\/es\/heracles-wheel-loaders\/\" \/>\n<meta property=\"og:locale\" content=\"es_ES\" \/>\n<meta property=\"og:type\" content=\"article\" \/>\n<meta property=\"og:title\" content=\"Contact Us - HERACLES Wheel Loaders OFFICIAL SITE\" \/>\n<meta property=\"og:description\" content=\"CONTACT US HERACLES Wheel Loaders &amp; Construction Machinery Qingdao Heracles Machinery Manufacturing Co., Ltd D Industrial Zone Qingdao - Shandong CHINA TELEPHONE: +86 134-7858-5715\" \/>\n<meta property=\"og:url\" content=\"http:\/\/www.heraclesloaders.com\/es\/heracles-wheel-loaders\/\" \/>\n<meta property=\"og:site_name\" content=\"HERACLES Wheel Loaders OFFICIAL SITE\" \/>\n<meta property=\"article:modified_time\" content=\"2023-10-27T13:59:10+00:00\" \/>\n<meta name=\"twitter:card\" content=\"summary_large_image\" \/>\n<meta name=\"twitter:label1\" content=\"Tiempo de lectura\" \/>\n\t<meta name=\"twitter:data1\" content=\"1 minuto\" \/>\n<script type=\"application\/ld+json\" class=\"yoast-schema-graph\">{\"@context\":\"https:\\\/\\\/schema.org\",\"@graph\":[{\"@type\":\"WebPage\",\"@id\":\"http:\\\/\\\/www.heraclesloaders.com\\\/en_us\\\/heracles-wheel-loaders\\\/\",\"url\":\"http:\\\/\\\/www.heraclesloaders.com\\\/en_us\\\/heracles-wheel-loaders\\\/\",\"name\":\"Contact Us - HERACLES Wheel Loaders OFFICIAL SITE\",\"isPartOf\":{\"@id\":\"https:\\\/\\\/www.heraclesloaders.com\\\/en_us\\\/#website\"},\"datePublished\":\"2017-06-09T12:20:37+00:00\",\"dateModified\":\"2023-10-27T13:59:10+00:00\",\"breadcrumb\":{\"@id\":\"http:\\\/\\\/www.heraclesloaders.com\\\/en_us\\\/heracles-wheel-loaders\\\/#breadcrumb\"},\"inLanguage\":\"es\",\"potentialAction\":[{\"@type\":\"ReadAction\",\"target\":[\"http:\\\/\\\/www.heraclesloaders.com\\\/en_us\\\/heracles-wheel-loaders\\\/\"]}]},{\"@type\":\"BreadcrumbList\",\"@id\":\"http:\\\/\\\/www.heraclesloaders.com\\\/en_us\\\/heracles-wheel-loaders\\\/#breadcrumb\",\"itemListElement\":[{\"@type\":\"ListItem\",\"position\":1,\"name\":\"Home\",\"item\":\"https:\\\/\\\/www.heraclesloaders.com\\\/en_us\\\/\"},{\"@type\":\"ListItem\",\"position\":2,\"name\":\"Contact Us\"}]},{\"@type\":\"WebSite\",\"@id\":\"https:\\\/\\\/www.heraclesloaders.com\\\/en_us\\\/#website\",\"url\":\"https:\\\/\\\/www.heraclesloaders.com\\\/en_us\\\/\",\"name\":\"HERACLES Wheel Loaders OFFICIAL SITE\",\"description\":\"HERACLES Loaders and Excavators\",\"potentialAction\":[{\"@type\":\"SearchAction\",\"target\":{\"@type\":\"EntryPoint\",\"urlTemplate\":\"https:\\\/\\\/www.heraclesloaders.com\\\/en_us\\\/?s={search_term_string}\"},\"query-input\":{\"@type\":\"PropertyValueSpecification\",\"valueRequired\":true,\"valueName\":\"search_term_string\"}}],\"inLanguage\":\"es\"}]}<\/script>\n<!-- \/ Yoast SEO plugin. -->","yoast_head_json":{"title":"Contact Us - HERACLES Wheel Loaders OFFICIAL SITE","robots":{"index":"index","follow":"follow","max-snippet":"max-snippet:-1","max-image-preview":"max-image-preview:large","max-video-preview":"max-video-preview:-1"},"canonical":"http:\/\/www.heraclesloaders.com\/es\/heracles-wheel-loaders\/","og_locale":"es_ES","og_type":"article","og_title":"Contact Us - HERACLES Wheel Loaders OFFICIAL SITE","og_description":"CONTACT US HERACLES Wheel Loaders & Construction Machinery Qingdao Heracles Machinery Manufacturing Co., Ltd D Industrial Zone Qingdao - Shandong CHINA TELEPHONE: +86 134-7858-5715","og_url":"http:\/\/www.heraclesloaders.com\/es\/heracles-wheel-loaders\/","og_site_name":"HERACLES Wheel Loaders OFFICIAL SITE","article_modified_time":"2023-10-27T13:59:10+00:00","twitter_card":"summary_large_image","twitter_misc":{"Tiempo de lectura":"1 minuto"},"schema":{"@context":"https:\/\/schema.org","@graph":[{"@type":"WebPage","@id":"http:\/\/www.heraclesloaders.com\/en_us\/heracles-wheel-loaders\/","url":"http:\/\/www.heraclesloaders.com\/en_us\/heracles-wheel-loaders\/","name":"Contact Us - HERACLES Wheel Loaders OFFICIAL SITE","isPartOf":{"@id":"https:\/\/www.heraclesloaders.com\/en_us\/#website"},"datePublished":"2017-06-09T12:20:37+00:00","dateModified":"2023-10-27T13:59:10+00:00","breadcrumb":{"@id":"http:\/\/www.heraclesloaders.com\/en_us\/heracles-wheel-loaders\/#breadcrumb"},"inLanguage":"es","potentialAction":[{"@type":"ReadAction","target":["http:\/\/www.heraclesloaders.com\/en_us\/heracles-wheel-loaders\/"]}]},{"@type":"BreadcrumbList","@id":"http:\/\/www.heraclesloaders.com\/en_us\/heracles-wheel-loaders\/#breadcrumb","itemListElement":[{"@type":"ListItem","position":1,"name":"Home","item":"https:\/\/www.heraclesloaders.com\/en_us\/"},{"@type":"ListItem","position":2,"name":"Contact Us"}]},{"@type":"WebSite","@id":"https:\/\/www.heraclesloaders.com\/en_us\/#website","url":"https:\/\/www.heraclesloaders.com\/en_us\/","name":"P\u00c1GINA OFICIAL HERACLES","description":"HERACLES Loaders and Excavators","potentialAction":[{"@type":"SearchAction","target":{"@type":"EntryPoint","urlTemplate":"https:\/\/www.heraclesloaders.com\/en_us\/?s={search_term_string}"},"query-input":{"@type":"PropertyValueSpecification","valueRequired":true,"valueName":"search_term_string"}}],"inLanguage":"es"}]}},"jetpack_sharing_enabled":true,"_links":{"self":[{"href":"https:\/\/www.heraclesloaders.com\/es\/wp-json\/wp\/v2\/pages\/129","targetHints":{"allow":["GET"]}}],"collection":[{"href":"https:\/\/www.heraclesloaders.com\/es\/wp-json\/wp\/v2\/pages"}],"about":[{"href":"https:\/\/www.heraclesloaders.com\/es\/wp-json\/wp\/v2\/types\/page"}],"author":[{"embeddable":true,"href":"https:\/\/www.heraclesloaders.com\/es\/wp-json\/wp\/v2\/users\/1"}],"replies":[{"embeddable":true,"href":"https:\/\/www.heraclesloaders.com\/es\/wp-json\/wp\/v2\/comments?post=129"}],"version-history":[{"count":86,"href":"https:\/\/www.heraclesloaders.com\/es\/wp-json\/wp\/v2\/pages\/129\/revisions"}],"predecessor-version":[{"id":3444,"href":"https:\/\/www.heraclesloaders.com\/es\/wp-json\/wp\/v2\/pages\/129\/revisions\/3444"}],"wp:attachment":[{"href":"https:\/\/www.heraclesloaders.com\/es\/wp-json\/wp\/v2\/media?parent=129"}],"curies":[{"name":"wp","href":"https:\/\/api.w.org\/{rel}","templated":true}]}}