{"id":2062,"date":"2017-12-10T07:55:14","date_gmt":"2017-12-10T07:55:14","guid":{"rendered":"http:\/\/www.heraclesloaders.com\/?page_id=2062"},"modified":"2023-10-27T12:46:29","modified_gmt":"2023-10-27T12:46:29","slug":"heracles-loader","status":"publish","type":"page","link":"https:\/\/www.heraclesloaders.com\/es\/heracles-loader\/","title":{"rendered":"Heracles Loader"},"content":{"rendered":"<body><div id=\"pl-2062\" class=\"panel-layout\"><div id=\"pg-2062-0\" class=\"panel-grid panel-has-style\"><div style=\"padding: 20px 0; \" data-overlay=\"true\" data-overlay-color=\"#000000\" class=\"panel-row-style panel-row-style-for-2062-0\"><div id=\"pgc-2062-0-0\" class=\"panel-grid-cell panel-grid-cell-empty\"><\/div><\/div><\/div><div id=\"pg-2062-1\" class=\"panel-grid panel-has-style\"><div class=\"siteorigin-panels-stretch panel-row-style panel-row-style-for-2062-1\" style=\"padding: 20px 0; \" data-stretch-type=\"full\" data-overlay=\"true\" data-overlay-color=\"#000000\"><div id=\"pgc-2062-1-0\" class=\"panel-grid-cell\"><div id=\"panel-2062-1-0-0\" class=\"so-panel widget widget_siteorigin-panels-builder panel-first-child panel-last-child\" data-index=\"0\"><div style=\"text-align: left;\" data-title-color=\"#443f3f\" data-headings-color=\"#443f3f\" class=\"panel-widget-style panel-widget-style-for-2062-1-0-0\"><div id=\"pl-w653bb12582ecb\" class=\"panel-layout\"><div id=\"pg-w653bb12582ecb-0\" class=\"panel-grid panel-has-style\"><div style=\"padding: 20px 0; \" data-overlay=\"true\" data-overlay-color=\"#000000\" class=\"panel-row-style panel-row-style-for-w653bb12582ecb-0\"><div id=\"pgc-w653bb12582ecb-0-0\" class=\"panel-grid-cell\"><div class=\"panel-cell-style panel-cell-style-for-w653bb12582ecb-0-0\"><div id=\"panel-w653bb12582ecb-0-0-0\" class=\"so-panel widget widget_sow-editor panel-first-child panel-last-child\" data-index=\"0\"><div style=\"text-align: left;\" data-title-color=\"#443f3f\" data-headings-color=\"#443f3f\" class=\"panel-widget-style panel-widget-style-for-w653bb12582ecb-0-0-0\"><div class=\"so-widget-sow-editor so-widget-sow-editor-base\"><h3 class=\"widget-title\">Accesorios de Palas Cargadoras HERACLES<\/h3>\n<div class=\"siteorigin-widget-tinymce textwidget\">\n\t<p><\/p>HERACLES Loader attachments now allow you to tackle any job. In order to help you get the most of your HERACLES wheel loader we have designed and built an array of attachments, transforming your wheel loader into extremely versatile machine. Now you will only need one machine to carry out almost every job. From excavation work and tree transplanting to snow removal or logging - we have the attachment you are looking for. Attachments are easy and fast to change.\n<\/div>\n<\/div><\/div><\/div><\/div><\/div><div id=\"pgc-w653bb12582ecb-0-1\" class=\"panel-grid-cell\"><div class=\"panel-cell-style panel-cell-style-for-w653bb12582ecb-0-1\"><div id=\"panel-w653bb12582ecb-0-1-0\" class=\"so-panel widget widget_sow-editor panel-first-child panel-last-child\" data-index=\"1\"><div style=\"text-align: left;\" data-title-color=\"#443f3f\" data-headings-color=\"#443f3f\" class=\"panel-widget-style panel-widget-style-for-w653bb12582ecb-0-1-0\"><div class=\"so-widget-sow-editor so-widget-sow-editor-base\">\n<div class=\"siteorigin-widget-tinymce textwidget\">\n\t<p><\/p>\n<h4>DURADEROS<\/h4>\n<p>Todos nuestros implementos est\u00e1n <b>fabricados en nuestra f\u00e1brica<\/b> con materiales de <b>alta calidad<\/b> y una estructura de <b>acero reforzado<\/b>. Esto hace que los accesorios para las cargadoras HERACLES sean extremadamente <b>duraderos y fiables<\/b>. \u00a0 <br> \u00a0<\/p>\n<h4>QUICK LINKING &amp; CONNECTS<\/h4>\n<p>El sistema de enlace r\u00e1pido HERACLES permite al operador cambiar los accesorios en segundos, todo sin tener que abandonar la comodidad de su asiento. Los accesorios con piezas m\u00f3viles se accionan hidr\u00e1ulicamente. Las conexiones r\u00e1pidas facilitan la conexi\u00f3n y desconexi\u00f3n de los sistemas hidr\u00e1ulicos adicionales. \u00a0 <br> \u00a0<\/p>\n<h4>OEM<\/h4>\n<p>En HERACLES somos <b> fabricante de equipos originales<\/b>. \u00bfQue no encuentra la pieza que le hace falta? No hay problema. D\u00edganos qu\u00e9 es lo que le hace falta y se lo fabricaremos.<\/p>\n<\/div>\n<\/div><\/div><\/div><\/div><\/div><\/div><\/div><\/div><\/div><\/div><\/div><\/div><\/div><div id=\"pg-2062-2\" class=\"panel-grid panel-has-style\"><div style=\"padding: 0px 0; \" data-overlay=\"true\" data-overlay-color=\"#000000\" class=\"panel-row-style panel-row-style-for-2062-2\"><div id=\"pgc-2062-2-0\" class=\"panel-grid-cell\"><div id=\"panel-2062-2-0-0\" class=\"so-panel widget widget_sow-image panel-first-child panel-last-child\" data-index=\"1\"><div style=\"text-align: left;\" data-title-color=\"#443f3f\" data-headings-color=\"#443f3f\" class=\"panel-widget-style panel-widget-style-for-2062-2-0-0\"><div class=\"so-widget-sow-image so-widget-sow-image-default-8b5b6f678277-2062\">\n<div class=\"sow-image-container\">\n\t\t<img decoding=\"async\" src=\"https:\/\/i0.wp.com\/www.heraclesloaders.com\/wp-content\/uploads\/2017\/11\/h580-heracles-frontendloader.jpg?fit=1280%2C829&amp;ssl=1\" width=\"1280\" height=\"829\" srcset=\"https:\/\/i0.wp.com\/www.heraclesloaders.com\/wp-content\/uploads\/2017\/11\/h580-heracles-frontendloader.jpg?w=1280&amp;ssl=1 1280w, https:\/\/i0.wp.com\/www.heraclesloaders.com\/wp-content\/uploads\/2017\/11\/h580-heracles-frontendloader.jpg?resize=300%2C194&amp;ssl=1 300w, https:\/\/i0.wp.com\/www.heraclesloaders.com\/wp-content\/uploads\/2017\/11\/h580-heracles-frontendloader.jpg?resize=768%2C497&amp;ssl=1 768w, https:\/\/i0.wp.com\/www.heraclesloaders.com\/wp-content\/uploads\/2017\/11\/h580-heracles-frontendloader.jpg?resize=1024%2C663&amp;ssl=1 1024w, https:\/\/i0.wp.com\/www.heraclesloaders.com\/wp-content\/uploads\/2017\/11\/h580-heracles-frontendloader.jpg?resize=830%2C538&amp;ssl=1 830w, https:\/\/i0.wp.com\/www.heraclesloaders.com\/wp-content\/uploads\/2017\/11\/h580-heracles-frontendloader.jpg?resize=230%2C149&amp;ssl=1 230w, https:\/\/i0.wp.com\/www.heraclesloaders.com\/wp-content\/uploads\/2017\/11\/h580-heracles-frontendloader.jpg?resize=350%2C227&amp;ssl=1 350w, https:\/\/i0.wp.com\/www.heraclesloaders.com\/wp-content\/uploads\/2017\/11\/h580-heracles-frontendloader.jpg?resize=480%2C311&amp;ssl=1 480w\" alt=\"\" class=\"so-widget-image\" loading=\"lazy\">\n\t<\/div>\n\n<\/div><\/div><\/div><\/div><\/div><\/div><div id=\"pg-2062-3\" class=\"panel-grid panel-has-style\"><div class=\"siteorigin-panels-stretch panel-row-style panel-row-style-for-2062-3\" style=\"padding: 15px 0; \" data-stretch-type=\"full\" data-overlay=\"true\" data-overlay-color=\"#000000\"><div id=\"pgc-2062-3-0\" class=\"panel-grid-cell\"><div id=\"panel-2062-3-0-0\" class=\"so-panel widget widget_siteorigin-panels-builder panel-first-child panel-last-child\" data-index=\"2\"><div style=\"text-align: left;\" data-title-color=\"#443f3f\" data-headings-color=\"#443f3f\" class=\"panel-widget-style panel-widget-style-for-2062-3-0-0\"><div id=\"pl-w5a2d1a2578491\" class=\"panel-layout\"><div id=\"pg-w5a2d1a2578491-0\" class=\"panel-grid panel-has-style\"><div style=\"padding: 0px 0; \" data-overlay=\"true\" data-overlay-color=\"#000000\" class=\"panel-row-style panel-row-style-for-w5a2d1a2578491-0\"><div id=\"pgc-w5a2d1a2578491-0-0\" class=\"panel-grid-cell\"><div id=\"panel-w5a2d1a2578491-0-0-0\" class=\"so-panel widget widget_sow-editor panel-first-child panel-last-child\" data-index=\"0\"><div style=\"text-align: left;\" data-title-color=\"#443f3f\" data-headings-color=\"#443f3f\" class=\"panel-widget-style panel-widget-style-for-w5a2d1a2578491-0-0-0\"><div class=\"so-widget-sow-editor so-widget-sow-editor-base\">\n<div class=\"siteorigin-widget-tinymce textwidget\">\n\t<p><\/p>\n<h6><b>CUCHARA EST\u00c1NDAR<\/b><\/h6>\n<h6>MONTACARGAS<\/h6>\n<h6>EXCAVATOR<\/h6>\n<h6>CUBO 4 EN 1<\/h6>\n<h6>CORTADOR DE BUSES\u00a0<\/h6>\n<h6>CUBO DE NIEVE<\/h6>\n<h6>QUITANIEVES<\/h6>\n<h6>SOPLADOR DE NIEVE<\/h6>\n<h6><b>CUCHILLA EN V<\/b><\/h6>\n<h6>MARTILLO NEUM\u00c1TICO<\/h6>\n<h6>BARRENOS<\/h6>\n<h6><b>PINZA DE BARRIL<\/b><\/h6>\n<p><\/p>\n<\/div>\n<\/div><\/div><\/div><\/div><div id=\"pgc-w5a2d1a2578491-0-1\" class=\"panel-grid-cell\"><div id=\"panel-w5a2d1a2578491-0-1-0\" class=\"so-panel widget widget_sow-editor panel-first-child panel-last-child\" data-index=\"1\"><div style=\"text-align: left;\" data-title-color=\"#443f3f\" data-headings-color=\"#443f3f\" class=\"panel-widget-style panel-widget-style-for-w5a2d1a2578491-0-1-0\"><div class=\"so-widget-sow-editor so-widget-sow-editor-base\">\n<div class=\"siteorigin-widget-tinymce textwidget\">\n\t<p><\/p>\n<h6><b>CUCHA NIVELADORA<\/b><\/h6>\n<h6>BARREDORA\u00a0<\/h6>\n<h6>CUBO PLANO<\/h6>\n<h6>CUBOS PARA ROCAS<\/h6>\n<h6>CORTA HIERBAS<\/h6>\n<h6>ESCOBAS<\/h6>\n<h6>HORQUILLAS PACAS<\/h6>\n<h6>HORQUILLAS AG<\/h6>\n<h6><b>CUCHAR\u00d3N CON GARRA<\/b><\/h6>\n<h6>HOJAS DOZER<\/h6>\n<h6>ZANJADORAS<\/h6>\n<h6><b>TRANSPLADOR DE \u00c1RBOLES<\/b><\/h6>\n<p><\/p>\n<\/div>\n<\/div><\/div><\/div><\/div><div id=\"pgc-w5a2d1a2578491-0-2\" class=\"panel-grid-cell\"><div id=\"panel-w5a2d1a2578491-0-2-0\" class=\"so-panel widget widget_sow-image panel-first-child panel-last-child\" data-index=\"2\"><div style=\"text-align: left;\" data-title-color=\"#443f3f\" data-headings-color=\"#443f3f\" class=\"panel-widget-style panel-widget-style-for-w5a2d1a2578491-0-2-0\"><div class=\"so-widget-sow-image so-widget-sow-image-default-8b5b6f678277\">\n<div class=\"sow-image-container\">\n\t\t<img decoding=\"async\" src=\"https:\/\/i0.wp.com\/www.heraclesloaders.com\/wp-content\/uploads\/2017\/06\/heracles-loaders-attachements.jpg?fit=1210%2C846&amp;ssl=1\" width=\"1210\" height=\"846\" srcset=\"https:\/\/i0.wp.com\/www.heraclesloaders.com\/wp-content\/uploads\/2017\/06\/heracles-loaders-attachements.jpg?w=1210&amp;ssl=1 1210w, https:\/\/i0.wp.com\/www.heraclesloaders.com\/wp-content\/uploads\/2017\/06\/heracles-loaders-attachements.jpg?resize=300%2C210&amp;ssl=1 300w, https:\/\/i0.wp.com\/www.heraclesloaders.com\/wp-content\/uploads\/2017\/06\/heracles-loaders-attachements.jpg?resize=768%2C537&amp;ssl=1 768w, https:\/\/i0.wp.com\/www.heraclesloaders.com\/wp-content\/uploads\/2017\/06\/heracles-loaders-attachements.jpg?resize=1024%2C716&amp;ssl=1 1024w, https:\/\/i0.wp.com\/www.heraclesloaders.com\/wp-content\/uploads\/2017\/06\/heracles-loaders-attachements.jpg?resize=830%2C580&amp;ssl=1 830w, https:\/\/i0.wp.com\/www.heraclesloaders.com\/wp-content\/uploads\/2017\/06\/heracles-loaders-attachements.jpg?resize=230%2C161&amp;ssl=1 230w, https:\/\/i0.wp.com\/www.heraclesloaders.com\/wp-content\/uploads\/2017\/06\/heracles-loaders-attachements.jpg?resize=350%2C245&amp;ssl=1 350w, https:\/\/i0.wp.com\/www.heraclesloaders.com\/wp-content\/uploads\/2017\/06\/heracles-loaders-attachements.jpg?resize=480%2C336&amp;ssl=1 480w\" title=\"Heracles Loaders Attachments\" alt=\"Heracles Loaders Attachments\" class=\"so-widget-image\" loading=\"lazy\">\n\t<\/div>\n\n<\/div><\/div><\/div><\/div><\/div><\/div><\/div><\/div><\/div><\/div><\/div><\/div><div id=\"pg-2062-4\" class=\"panel-grid panel-has-style\"><div class=\"siteorigin-panels-stretch panel-row-style panel-row-style-for-2062-4\" style=\"padding: 20px 0; \" data-stretch-type=\"full\" data-overlay=\"true\" data-overlay-color=\"#000000\"><div id=\"pgc-2062-4-0\" class=\"panel-grid-cell\"><div id=\"panel-2062-4-0-0\" class=\"so-panel widget widget_sydney_action sydney_action_widget panel-first-child panel-last-child\" data-index=\"3\"><div style=\"text-align: left;\" data-title-color=\"#000000\" data-headings-color=\"#000000\" class=\"panel-widget-style panel-widget-style-for-2062-4-0-0\">        <div class=\"roll-promobox aside-style\">\r\n\t\t\t<div class=\"promo-wrap\">\r\n\t\t\t\t\t\t\t\t<div class=\"promo-content\">\r\n\t\t\t\t\t<h3 class=\"title\"><a href=\"https:\/\/www.heraclesloaders.com\/es\/heracles-wheel-loaders\/\">Contact us a free quote for any of our loaders or attachments<\/a><\/h3>\r\n\t\t\t\t<\/div>\r\n\t\t\t\t\t\t\t\t<div class=\"promo-controls\">\r\n\t\t\t\t\t<a href=\"\" class=\"roll-button border\"><\/a>\r\n\t\t\t\t<\/div>\r\n\t\t\t<\/div>\r\n        <\/div>\r\n\t<\/div><\/div><\/div><\/div><\/div><div id=\"pg-2062-5\" class=\"panel-grid panel-has-style\"><div class=\"siteorigin-panels-stretch panel-row-style panel-row-style-for-2062-5\" style=\"padding: 10px 0; \" data-stretch-type=\"full\" data-overlay=\"true\" data-overlay-color=\"#000000\"><div id=\"pgc-2062-5-0\" class=\"panel-grid-cell\"><div id=\"panel-2062-5-0-0\" class=\"so-panel widget widget_sow-social-media-buttons panel-first-child\" data-index=\"4\"><div style=\"text-align: left;\" data-title-color=\"#443f3f\" data-headings-color=\"#443f3f\" class=\"panel-widget-style panel-widget-style-for-2062-5-0-0\"><div class=\"so-widget-sow-social-media-buttons so-widget-sow-social-media-buttons-atom-19e4ef907fc4-2062\">\n\n<div class=\"social-media-button-container\">\n\t\n\t\t<a class=\"ow-button-hover sow-social-media-button-facebook-0 sow-social-media-button\" title=\"HERACLES Wheel Loaders OFFICIAL SITE en Facebook\" aria-label=\"HERACLES Wheel Loaders OFFICIAL SITE en Facebook\" target=\"_blank\" rel=\"noopener noreferrer\" href=\"https:\/\/www.facebook.com\/heraclesloaders\">\n\t\t\t<span>\n\t\t\t\t\t\t\t\t<span class=\"sow-icon-fontawesome sow-fab\" data-sow-icon=\"\uf39e\" aria-hidden=\"true\"><\/span>\t\t\t\t\t\t\t<\/span>\n\t\t<\/a>\n\t\n\t\t<a class=\"ow-button-hover sow-social-media-button-youtube-0 sow-social-media-button\" title=\"HERACLES Wheel Loaders OFFICIAL SITE en Youtube\" aria-label=\"HERACLES Wheel Loaders OFFICIAL SITE en Youtube\" target=\"_blank\" rel=\"noopener noreferrer\" href=\"https:\/\/www.youtube.com\/@heraclesloaders\">\n\t\t\t<span>\n\t\t\t\t\t\t\t\t<span class=\"sow-icon-fontawesome sow-fab\" data-sow-icon=\"\uf167\" aria-hidden=\"true\"><\/span>\t\t\t\t\t\t\t<\/span>\n\t\t<\/a>\n\t<\/div>\n<\/div><\/div><\/div><div id=\"panel-2062-5-0-1\" class=\"so-panel widget widget_siteorigin-panels-builder panel-last-child\" data-index=\"5\"><div style=\"text-align: left;\" data-title-color=\"#443f3f\" data-headings-color=\"#443f3f\" class=\"panel-widget-style panel-widget-style-for-2062-5-0-1\"><div id=\"pl-w5a59bd325e254\" class=\"panel-layout\"><div id=\"pg-w5a59bd325e254-0\" class=\"panel-grid panel-has-style\"><div class=\"siteorigin-panels-stretch panel-row-style panel-row-style-for-w5a59bd325e254-0\" style=\"padding: 0px 0; \" data-stretch-type=\"full\" data-overlay=\"true\" data-overlay-color=\"#000000\"><div id=\"pgc-w5a59bd325e254-0-0\" class=\"panel-grid-cell\"><div id=\"panel-w5a59bd325e254-0-0-0\" class=\"so-panel widget widget_sow-editor panel-first-child panel-last-child\" data-index=\"0\"><div style=\"text-align: left;\" data-title-color=\"#443f3f\" data-headings-color=\"#443f3f\" class=\"panel-widget-style panel-widget-style-for-w5a59bd325e254-0-0-0\"><div class=\"so-widget-sow-editor so-widget-sow-editor-base\">\n<div class=\"siteorigin-widget-tinymce textwidget\">\n\t<p><\/p><span><strong>EMPRESA<\/strong><\/span>\n<p><span style=\"font-size: small;\"> En HERACLES nos esforzamos por fabricar los mejores equipos del mercado centr\u00e1ndonos en la calidad, la fiabilidad y la excelencia en el dise\u00f1o. <\/span><\/p>\n<p><span style=\"font-size: small;\"> Nuestro equipo de soporte dedicado le ayudar\u00e1 en todo momento. Estamos disponibles 24 horas al d\u00eda, 7 d\u00edas a la semana. <\/span><\/p>\n<\/div>\n<\/div><\/div><\/div><\/div><div id=\"pgc-w5a59bd325e254-0-1\" class=\"panel-grid-cell\"><div id=\"panel-w5a59bd325e254-0-1-0\" class=\"so-panel widget widget_sow-editor panel-first-child panel-last-child\" data-index=\"1\"><div style=\"text-align: left;\" data-title-color=\"#443f3f\" data-headings-color=\"#443f3f\" class=\"panel-widget-style panel-widget-style-for-w5a59bd325e254-0-1-0\"><div class=\"so-widget-sow-editor so-widget-sow-editor-base\">\n<div class=\"siteorigin-widget-tinymce textwidget\">\n\t<p><\/p><strong>HERACLES<\/strong>\n<p><span style=\"font-size: small;\"><a href=\"http:\/\/www.heraclesloaders.com\/es\/\">P\u00e1gina Principal<\/a><\/span><\/p>\n<p><span style=\"font-size: small;\"><a href=\"http:\/\/www.heraclesloaders.com\/es\/heracles-h580-wheel-loader\/\">Cargadoras<\/a><\/span><\/p>\n<p><span style=\"font-size: small;\"><a href=\"http:\/\/www.heraclesloaders.com\/es\/h580t-telescopic-loader\/\">Cargadoras Telesc\u00f3picas<\/a><\/span><\/p>\n<p><span style=\"font-size: small;\"><a href=\"http:\/\/www.heraclesloaders.com\/es\/heracles-loader\/\">Accesorios<\/a><\/span><\/p>\n<\/div>\n<\/div><\/div><\/div><\/div><div id=\"pgc-w5a59bd325e254-0-2\" class=\"panel-grid-cell\"><div id=\"panel-w5a59bd325e254-0-2-0\" class=\"so-panel widget widget_sow-editor panel-first-child panel-last-child\" data-index=\"2\"><div style=\"text-align: left;\" data-title-color=\"#443f3f\" data-headings-color=\"#443f3f\" class=\"panel-widget-style panel-widget-style-for-w5a59bd325e254-0-2-0\"><div class=\"so-widget-sow-editor so-widget-sow-editor-base\">\n<div class=\"siteorigin-widget-tinymce textwidget\">\n\t<p><\/p><span>\u00a0<\/span>\n<p><span style=\"font-size: small;\"><a href=\"http:\/\/www.heraclesloaders.com\/es\/heracles-wheel-loaders\/\">Contacto<\/a><\/span><\/p>\n<p><span style=\"font-size: small;\"><a href=\"http:\/\/www.heraclesloaders.com\/es\/heracles-wheel-loaders\/\">Sobre Nosotros<\/a><\/span><\/p>\n<p><span style=\"font-size: small;\"><a href=\"http:\/\/www.heraclesloaders.com\/es\/heracles-loaders\/\">Piezas<\/a><\/span><\/p>\n<p><span style=\"font-size: small;\"><a href=\"\/es\/%E2%80%9Chttp:\/\/www.heraclesloaders.com\/heracles\/%22\/\">Garant\u00eda<\/a><\/span><\/p>\n<\/div>\n<\/div><\/div><\/div><\/div><div id=\"pgc-w5a59bd325e254-0-3\" class=\"panel-grid-cell panel-grid-cell-empty\"><\/div><div id=\"pgc-w5a59bd325e254-0-4\" class=\"panel-grid-cell\"><div id=\"panel-w5a59bd325e254-0-4-0\" class=\"so-panel widget widget_sow-editor panel-first-child panel-last-child\" data-index=\"3\"><div style=\"text-align: left;\" data-title-color=\"#443f3f\" data-headings-color=\"#443f3f\" class=\"panel-widget-style panel-widget-style-for-w5a59bd325e254-0-4-0\"><div class=\"so-widget-sow-editor so-widget-sow-editor-base\">\n<div class=\"siteorigin-widget-tinymce textwidget\">\n\t<p><\/p><strong>HORARIOS<\/strong>\n<p><span style=\"font-size: small;\">Soporte T\u00e9cnico - abierto a todas horas.<\/span><\/p>\n<p><span style=\"font-size: small;\"><strong>HORARIO F\u00c1BRICA<\/strong><br>Lunes - S\u00e1bado:  9am - 5pm <br>Domingo:  9am - 2pm<\/span><\/p>\n<\/div>\n<\/div><\/div><\/div><\/div><div id=\"pgc-w5a59bd325e254-0-5\" class=\"panel-grid-cell\"><div id=\"panel-w5a59bd325e254-0-5-0\" class=\"so-panel widget widget_sow-editor panel-first-child panel-last-child\" data-index=\"4\"><div style=\"text-align: left;\" data-title-color=\"#443f3f\" data-headings-color=\"#443f3f\" class=\"panel-widget-style panel-widget-style-for-w5a59bd325e254-0-5-0\"><div class=\"so-widget-sow-editor so-widget-sow-editor-base\">\n<div class=\"siteorigin-widget-tinymce textwidget\">\n\t<p><\/p><strong>F\u00c1BRICA<\/strong>\n<p><span style=\"font-size: small;\"><strong>DIRECCI\u00d3N<\/strong><br>Qingdao Heracles Machinery Manufacturing<br> Zona Industrial D<br>Qingdao - Shandong<br>CHINA<br>TEL\u00c9FONO: +86 1-347-858-5715<\/span><\/p>\n<\/div>\n<\/div><\/div><\/div><\/div><\/div><\/div><\/div><\/div><\/div><\/div><\/div><\/div><\/div><\/body>","protected":false},"excerpt":{"rendered":"<p>Heracles Loader Attachments HERACLES Loader attachments now allow you to tackle any job. In order to help you get the most of your HERACLES wheel loader we have designed and built an array of attachments, transforming your wheel loader into extremely versatile machine. Now you will only need one machine to carry out almost every job. From excavation work and tree transplanting to snow removal or logging &#8211; we have the attachment you are looking for. Attachments are easy and fast to change. DURABLE All our attachments are all manufactured in our factory with high [&hellip;]<\/p>\n","protected":false},"author":1,"featured_media":0,"parent":0,"menu_order":0,"comment_status":"closed","ping_status":"closed","template":"page-templates\/page_front-page.php","meta":{"om_disable_all_campaigns":false,"_monsterinsights_skip_tracking":false,"_monsterinsights_sitenote_active":false,"_monsterinsights_sitenote_note":"","_monsterinsights_sitenote_category":0,"footnotes":""},"class_list":["post-2062","page","type-page","status-publish","hentry"],"yoast_head":"<!-- This site is optimized with the Yoast SEO plugin v27.4 - https:\/\/yoast.com\/product\/yoast-seo-wordpress\/ -->\n<title>Heracles Loader - HERACLES Wheel Loaders OFFICIAL SITE<\/title>\n<meta name=\"robots\" content=\"index, follow, max-snippet:-1, max-image-preview:large, max-video-preview:-1\" \/>\n<link rel=\"canonical\" href=\"https:\/\/www.heraclesloaders.com\/es\/heracles-loader\/\" \/>\n<meta property=\"og:locale\" content=\"es_ES\" \/>\n<meta property=\"og:type\" content=\"article\" \/>\n<meta property=\"og:title\" content=\"Heracles Loader - HERACLES Wheel Loaders OFFICIAL SITE\" \/>\n<meta property=\"og:description\" content=\"Heracles Loader Attachments HERACLES Loader attachments now allow you to tackle any job. In order to help you get the most of your HERACLES wheel loader we have designed and built an array of attachments, transforming your wheel loader into extremely versatile machine. Now you will only need one machine to carry out almost every job. From excavation work and tree transplanting to snow removal or logging - we have the attachment you are looking for. Attachments are easy and fast to change. DURABLE All our attachments are all manufactured in our factory with high [&hellip;]\" \/>\n<meta property=\"og:url\" content=\"https:\/\/www.heraclesloaders.com\/es\/heracles-loader\/\" \/>\n<meta property=\"og:site_name\" content=\"HERACLES Wheel Loaders OFFICIAL SITE\" \/>\n<meta property=\"article:modified_time\" content=\"2023-10-27T12:46:29+00:00\" \/>\n<meta name=\"twitter:card\" content=\"summary_large_image\" \/>\n<meta name=\"twitter:label1\" content=\"Tiempo de lectura\" \/>\n\t<meta name=\"twitter:data1\" content=\"2 minutos\" \/>\n<script type=\"application\/ld+json\" class=\"yoast-schema-graph\">{\"@context\":\"https:\\\/\\\/schema.org\",\"@graph\":[{\"@type\":\"WebPage\",\"@id\":\"https:\\\/\\\/www.heraclesloaders.com\\\/en_us\\\/heracles-loader\\\/\",\"url\":\"https:\\\/\\\/www.heraclesloaders.com\\\/en_us\\\/heracles-loader\\\/\",\"name\":\"Heracles Loader - HERACLES Wheel Loaders OFFICIAL SITE\",\"isPartOf\":{\"@id\":\"https:\\\/\\\/www.heraclesloaders.com\\\/en_us\\\/#website\"},\"datePublished\":\"2017-12-10T07:55:14+00:00\",\"dateModified\":\"2023-10-27T12:46:29+00:00\",\"breadcrumb\":{\"@id\":\"https:\\\/\\\/www.heraclesloaders.com\\\/en_us\\\/heracles-loader\\\/#breadcrumb\"},\"inLanguage\":\"es\",\"potentialAction\":[{\"@type\":\"ReadAction\",\"target\":[\"https:\\\/\\\/www.heraclesloaders.com\\\/en_us\\\/heracles-loader\\\/\"]}]},{\"@type\":\"BreadcrumbList\",\"@id\":\"https:\\\/\\\/www.heraclesloaders.com\\\/en_us\\\/heracles-loader\\\/#breadcrumb\",\"itemListElement\":[{\"@type\":\"ListItem\",\"position\":1,\"name\":\"Home\",\"item\":\"https:\\\/\\\/www.heraclesloaders.com\\\/en_us\\\/\"},{\"@type\":\"ListItem\",\"position\":2,\"name\":\"Heracles Loader\"}]},{\"@type\":\"WebSite\",\"@id\":\"https:\\\/\\\/www.heraclesloaders.com\\\/en_us\\\/#website\",\"url\":\"https:\\\/\\\/www.heraclesloaders.com\\\/en_us\\\/\",\"name\":\"HERACLES Wheel Loaders OFFICIAL SITE\",\"description\":\"HERACLES Loaders and Excavators\",\"potentialAction\":[{\"@type\":\"SearchAction\",\"target\":{\"@type\":\"EntryPoint\",\"urlTemplate\":\"https:\\\/\\\/www.heraclesloaders.com\\\/en_us\\\/?s={search_term_string}\"},\"query-input\":{\"@type\":\"PropertyValueSpecification\",\"valueRequired\":true,\"valueName\":\"search_term_string\"}}],\"inLanguage\":\"es\"}]}<\/script>\n<!-- \/ Yoast SEO plugin. -->","yoast_head_json":{"title":"Heracles Loader - HERACLES Wheel Loaders OFFICIAL SITE","robots":{"index":"index","follow":"follow","max-snippet":"max-snippet:-1","max-image-preview":"max-image-preview:large","max-video-preview":"max-video-preview:-1"},"canonical":"https:\/\/www.heraclesloaders.com\/es\/heracles-loader\/","og_locale":"es_ES","og_type":"article","og_title":"Heracles Loader - HERACLES Wheel Loaders OFFICIAL SITE","og_description":"Heracles Loader Attachments HERACLES Loader attachments now allow you to tackle any job. In order to help you get the most of your HERACLES wheel loader we have designed and built an array of attachments, transforming your wheel loader into extremely versatile machine. Now you will only need one machine to carry out almost every job. From excavation work and tree transplanting to snow removal or logging - we have the attachment you are looking for. Attachments are easy and fast to change. DURABLE All our attachments are all manufactured in our factory with high [&hellip;]","og_url":"https:\/\/www.heraclesloaders.com\/es\/heracles-loader\/","og_site_name":"HERACLES Wheel Loaders OFFICIAL SITE","article_modified_time":"2023-10-27T12:46:29+00:00","twitter_card":"summary_large_image","twitter_misc":{"Tiempo de lectura":"2 minutos"},"schema":{"@context":"https:\/\/schema.org","@graph":[{"@type":"WebPage","@id":"https:\/\/www.heraclesloaders.com\/en_us\/heracles-loader\/","url":"https:\/\/www.heraclesloaders.com\/en_us\/heracles-loader\/","name":"Heracles Loader - HERACLES Wheel Loaders OFFICIAL SITE","isPartOf":{"@id":"https:\/\/www.heraclesloaders.com\/en_us\/#website"},"datePublished":"2017-12-10T07:55:14+00:00","dateModified":"2023-10-27T12:46:29+00:00","breadcrumb":{"@id":"https:\/\/www.heraclesloaders.com\/en_us\/heracles-loader\/#breadcrumb"},"inLanguage":"es","potentialAction":[{"@type":"ReadAction","target":["https:\/\/www.heraclesloaders.com\/en_us\/heracles-loader\/"]}]},{"@type":"BreadcrumbList","@id":"https:\/\/www.heraclesloaders.com\/en_us\/heracles-loader\/#breadcrumb","itemListElement":[{"@type":"ListItem","position":1,"name":"Home","item":"https:\/\/www.heraclesloaders.com\/en_us\/"},{"@type":"ListItem","position":2,"name":"Heracles Loader"}]},{"@type":"WebSite","@id":"https:\/\/www.heraclesloaders.com\/en_us\/#website","url":"https:\/\/www.heraclesloaders.com\/en_us\/","name":"P\u00c1GINA OFICIAL HERACLES","description":"HERACLES Loaders and Excavators","potentialAction":[{"@type":"SearchAction","target":{"@type":"EntryPoint","urlTemplate":"https:\/\/www.heraclesloaders.com\/en_us\/?s={search_term_string}"},"query-input":{"@type":"PropertyValueSpecification","valueRequired":true,"valueName":"search_term_string"}}],"inLanguage":"es"}]}},"jetpack_sharing_enabled":true,"_links":{"self":[{"href":"https:\/\/www.heraclesloaders.com\/es\/wp-json\/wp\/v2\/pages\/2062","targetHints":{"allow":["GET"]}}],"collection":[{"href":"https:\/\/www.heraclesloaders.com\/es\/wp-json\/wp\/v2\/pages"}],"about":[{"href":"https:\/\/www.heraclesloaders.com\/es\/wp-json\/wp\/v2\/types\/page"}],"author":[{"embeddable":true,"href":"https:\/\/www.heraclesloaders.com\/es\/wp-json\/wp\/v2\/users\/1"}],"replies":[{"embeddable":true,"href":"https:\/\/www.heraclesloaders.com\/es\/wp-json\/wp\/v2\/comments?post=2062"}],"version-history":[{"count":98,"href":"https:\/\/www.heraclesloaders.com\/es\/wp-json\/wp\/v2\/pages\/2062\/revisions"}],"predecessor-version":[{"id":3430,"href":"https:\/\/www.heraclesloaders.com\/es\/wp-json\/wp\/v2\/pages\/2062\/revisions\/3430"}],"wp:attachment":[{"href":"https:\/\/www.heraclesloaders.com\/es\/wp-json\/wp\/v2\/media?parent=2062"}],"curies":[{"name":"wp","href":"https:\/\/api.w.org\/{rel}","templated":true}]}}