{"id":2142,"date":"2017-12-12T06:37:17","date_gmt":"2017-12-12T06:37:17","guid":{"rendered":"http:\/\/www.heraclesloaders.com\/?page_id=2142"},"modified":"2023-10-27T13:33:52","modified_gmt":"2023-10-27T13:33:52","slug":"heracles-wheel-loaders-warranty","status":"publish","type":"page","link":"https:\/\/www.heraclesloaders.com\/es\/heracles-wheel-loaders-warranty\/","title":{"rendered":"Heracles Wheel Loaders Warranty"},"content":{"rendered":"<body><div id=\"pl-2142\" class=\"panel-layout\"><div id=\"pg-2142-0\" class=\"panel-grid panel-has-style\"><div style=\"padding: 0px 0; \" data-overlay=\"true\" data-overlay-color=\"#000000\" class=\"panel-row-style panel-row-style-for-2142-0\"><div id=\"pgc-2142-0-0\" class=\"panel-grid-cell\"><div id=\"panel-2142-0-0-0\" class=\"so-panel widget widget_sow-editor panel-first-child panel-last-child\" data-index=\"0\"><div style=\"text-align: left;\" data-title-color=\"#443f3f\" data-headings-color=\"#443f3f\" class=\"panel-widget-style panel-widget-style-for-2142-0-0-0\"><div class=\"so-widget-sow-editor so-widget-sow-editor-base\"><h3 class=\"widget-title\">GARANT\u00cdA DE 12 MESES<\/h3>\n<div class=\"siteorigin-widget-tinymce textwidget\">\n\t<\/div>\n<\/div><\/div><\/div><\/div><\/div><\/div><div id=\"pg-2142-1\" class=\"panel-grid panel-has-style\"><div class=\"siteorigin-panels-stretch panel-row-style panel-row-style-for-2142-1\" style=\"padding: 0px 0; \" data-stretch-type=\"full\" data-overlay=\"true\" data-overlay-color=\"#000000\"><div id=\"pgc-2142-1-0\" class=\"panel-grid-cell\"><div id=\"panel-2142-1-0-0\" class=\"so-panel widget widget_siteorigin-panels-builder panel-first-child panel-last-child\" data-index=\"1\"><div style=\"text-align: left;\" data-title-color=\"#443f3f\" data-headings-color=\"#443f3f\" class=\"panel-widget-style panel-widget-style-for-2142-1-0-0\"><div id=\"pl-w653bbc4012c79\" class=\"panel-layout\"><div id=\"pg-w653bbc4012c79-0\" class=\"panel-grid panel-has-style\"><div style=\"padding: 0px 0; \" data-overlay=\"true\" data-overlay-color=\"#000000\" class=\"panel-row-style panel-row-style-for-w653bbc4012c79-0\"><div id=\"pgc-w653bbc4012c79-0-0\" class=\"panel-grid-cell\"><div id=\"panel-w653bbc4012c79-0-0-0\" class=\"so-panel widget widget_sow-editor panel-first-child panel-last-child\" data-index=\"0\"><div style=\"text-align: left;\" data-title-color=\"#443f3f\" data-headings-color=\"#443f3f\" class=\"panel-widget-style panel-widget-style-for-w653bbc4012c79-0-0-0\"><div class=\"so-widget-sow-editor so-widget-sow-editor-base\">\n<div class=\"siteorigin-widget-tinymce textwidget\">\n\t<p><\/p>\n<p style=\"margin-bottom: 15.0pt; background: white;\"><span lang=\"EN-US\" style=\"font-family: 'Segoe UI',sans-serif; color: black;\">At HERACLES Wheel Loaders we back up all our machines\u00a0and parts with a 12 Month Comprehensive Warranty Plan - giving all our customers the peace of mind they truly deserve.<\/span><\/p>\n<p><img data-recalc-dims=\"1\" loading=\"lazy\" decoding=\"async\" class=\"alignleft size-full wp-image-2510\" src=\"https:\/\/i0.wp.com\/www.heraclesloaders.com\/wp-content\/uploads\/2019\/03\/heracles-loader-lgw-2.jpg?resize=288%2C191\" alt=\"\" width=\"288\" height=\"191\" srcset=\"https:\/\/i0.wp.com\/www.heraclesloaders.com\/wp-content\/uploads\/2019\/03\/heracles-loader-lgw-2.jpg?w=288&amp;ssl=1 288w, https:\/\/i0.wp.com\/www.heraclesloaders.com\/wp-content\/uploads\/2019\/03\/heracles-loader-lgw-2.jpg?resize=230%2C153&amp;ssl=1 230w\" sizes=\"auto, (max-width: 288px) 100vw, 288px\"><\/p>\n<p><\/p>\n<\/div>\n<\/div><\/div><\/div><\/div><div id=\"pgc-w653bbc4012c79-0-1\" class=\"panel-grid-cell\"><div id=\"panel-w653bbc4012c79-0-1-0\" class=\"so-panel widget widget_sow-editor panel-first-child panel-last-child\" data-index=\"1\"><div style=\"text-align: left;\" data-title-color=\"#443f3f\" data-headings-color=\"#443f3f\" class=\"panel-widget-style panel-widget-style-for-w653bbc4012c79-0-1-0\"><div class=\"so-widget-sow-editor so-widget-sow-editor-base\">\n<div class=\"siteorigin-widget-tinymce textwidget\">\n\t<p><\/p>\n<h6>PLAN DE GARANT\u00cdA INTEGRAL DE 12 MESES<\/h6>\n<p>Nuestro plan de cobertura incluye el env\u00edo gratuito de piezas de repuesto originales por transporte a\u00e9reo urgente entregada en 24 horas. Este servicio est\u00e1 disponible tanto para nuestros distribuidores como nuestros usuarios.<\/p>\n<p>Depending on your location, these are sent directly from our factory or from one of our spare parts distribution centers.<\/p>\n<h6>CONCESIONARIOS<\/h6>\n<p>Dealerships and Partners are provided with a stock of spare parts. This guarantees that machines are always in peak condition, keeping repairs and downtime to a bare minimum.<\/p>\n<p><span style=\"text-decoration: underline;\">Click <a href=\"https:\/\/www.heraclesloaders.com\/es\/heracles\/\">here to see how to become a HERACLES wheel loader dealer.<\/a><\/span><\/p>\n<\/div>\n<\/div><\/div><\/div><\/div><\/div><\/div><\/div><\/div><\/div><\/div><\/div><\/div><div id=\"pg-2142-2\" class=\"panel-grid panel-has-style\"><div class=\"siteorigin-panels-stretch panel-row-style panel-row-style-for-2142-2\" style=\"padding: 20px 0; \" data-stretch-type=\"full\" data-overlay=\"true\" data-overlay-color=\"#000000\"><div id=\"pgc-2142-2-0\" class=\"panel-grid-cell\"><div id=\"panel-2142-2-0-0\" class=\"so-panel widget widget_sydney_action sydney_action_widget panel-first-child panel-last-child\" data-index=\"2\"><div style=\"text-align: left;\" data-title-color=\"#000000\" data-headings-color=\"#000000\" class=\"panel-widget-style panel-widget-style-for-2142-2-0-0\">        <div class=\"roll-promobox aside-style\">\r\n\t\t\t<div class=\"promo-wrap\">\r\n\t\t\t\t\t\t\t\t<div class=\"promo-content\">\r\n\t\t\t\t\t<h3 class=\"title\">Get A Free Quote of HERACLES Wheel Loaders and Equipment &gt;&gt;&gt;<\/h3>\r\n\t\t\t\t<\/div>\r\n\t\t\t\t\t\t\t\t<div class=\"promo-controls\">\r\n\t\t\t\t\t<a href=\"\" class=\"roll-button border\">OBTENER COTIZACI\u00d3N<\/a>\r\n\t\t\t\t<\/div>\r\n\t\t\t<\/div>\r\n        <\/div>\r\n\t<\/div><\/div><\/div><\/div><\/div><div id=\"pg-2142-3\" class=\"panel-grid panel-has-style\"><div class=\"siteorigin-panels-stretch panel-row-style panel-row-style-for-2142-3\" style=\"padding: 10px 0; \" data-stretch-type=\"full\" data-overlay=\"true\" data-overlay-color=\"#000000\"><div id=\"pgc-2142-3-0\" class=\"panel-grid-cell\"><div id=\"panel-2142-3-0-0\" class=\"so-panel widget widget_sow-social-media-buttons panel-first-child\" data-index=\"3\"><div style=\"text-align: left;\" data-title-color=\"#443f3f\" data-headings-color=\"#443f3f\" class=\"panel-widget-style panel-widget-style-for-2142-3-0-0\"><div class=\"so-widget-sow-social-media-buttons so-widget-sow-social-media-buttons-atom-e30020027376-2142\">\n\n<div class=\"social-media-button-container\">\n\t\n\t\t<a class=\"ow-button-hover sow-social-media-button-facebook-0 sow-social-media-button\" title=\"HERACLES Wheel Loaders OFFICIAL SITE en Facebook\" aria-label=\"HERACLES Wheel Loaders OFFICIAL SITE en Facebook\" target=\"_blank\" rel=\"noopener noreferrer\" href=\"https:\/\/www.facebook.com\/heraclesloaders\">\n\t\t\t<span>\n\t\t\t\t\t\t\t\t<span class=\"sow-icon-fontawesome sow-fab\" data-sow-icon=\"\uf39e\" aria-hidden=\"true\"><\/span>\t\t\t\t\t\t\t<\/span>\n\t\t<\/a>\n\t\n\t\t<a class=\"ow-button-hover sow-social-media-button-youtube-0 sow-social-media-button\" title=\"HERACLES Wheel Loaders OFFICIAL SITE en Youtube\" aria-label=\"HERACLES Wheel Loaders OFFICIAL SITE en Youtube\" target=\"_blank\" rel=\"noopener noreferrer\" href=\"https:\/\/www.youtube.com\/@heraclesloaders\">\n\t\t\t<span>\n\t\t\t\t\t\t\t\t<span class=\"sow-icon-fontawesome sow-fab\" data-sow-icon=\"\uf167\" aria-hidden=\"true\"><\/span>\t\t\t\t\t\t\t<\/span>\n\t\t<\/a>\n\t\n\t\t<a class=\"ow-button-hover sow-social-media-button-google-0 sow-social-media-button\" title=\"HERACLES Wheel Loaders OFFICIAL SITE en Google\" aria-label=\"HERACLES Wheel Loaders OFFICIAL SITE en Google\" target=\"_blank\" rel=\"noopener noreferrer\" href=\"https:\/\/plus.google.com\/\">\n\t\t\t<span>\n\t\t\t\t\t\t\t\t<span class=\"sow-icon-fontawesome sow-fab\" data-sow-icon=\"\uf1a0\" aria-hidden=\"true\"><\/span>\t\t\t\t\t\t\t<\/span>\n\t\t<\/a>\n\t\n\t\t<a class=\"ow-button-hover sow-social-media-button-linkedin-0 sow-social-media-button\" title=\"HERACLES Wheel Loaders OFFICIAL SITE en Linkedin\" aria-label=\"HERACLES Wheel Loaders OFFICIAL SITE en Linkedin\" target=\"_blank\" rel=\"noopener noreferrer\" href=\"https:\/\/www.linkedin.com\/\">\n\t\t\t<span>\n\t\t\t\t\t\t\t\t<span class=\"sow-icon-fontawesome sow-fab\" data-sow-icon=\"\uf0e1\" aria-hidden=\"true\"><\/span>\t\t\t\t\t\t\t<\/span>\n\t\t<\/a>\n\t<\/div>\n<\/div><\/div><\/div><div id=\"panel-2142-3-0-1\" class=\"so-panel widget widget_siteorigin-panels-builder panel-last-child\" data-index=\"4\"><div style=\"text-align: left;\" data-title-color=\"#443f3f\" data-headings-color=\"#443f3f\" class=\"panel-widget-style panel-widget-style-for-2142-3-0-1\"><div id=\"pl-w6377a6b17c484\" class=\"panel-layout\"><div id=\"pg-w6377a6b17c484-0\" class=\"panel-grid panel-has-style\"><div class=\"siteorigin-panels-stretch panel-row-style panel-row-style-for-w6377a6b17c484-0\" style=\"padding: 0px 0; \" data-stretch-type=\"full\" data-overlay=\"true\" data-overlay-color=\"#000000\"><div id=\"pgc-w6377a6b17c484-0-0\" class=\"panel-grid-cell\"><div id=\"panel-w6377a6b17c484-0-0-0\" class=\"so-panel widget widget_sow-editor panel-first-child panel-last-child\" data-index=\"0\"><div style=\"text-align: left;\" data-title-color=\"#443f3f\" data-headings-color=\"#443f3f\" class=\"panel-widget-style panel-widget-style-for-w6377a6b17c484-0-0-0\"><div class=\"so-widget-sow-editor so-widget-sow-editor-base\">\n<div class=\"siteorigin-widget-tinymce textwidget\">\n\t<p><\/p><strong>EMPRESA<\/strong>\n<p><span style=\"font-size: small;\">Nuestros clientes son desde empresas FTSE hasta grandes organizaciones y peque\u00f1os negocios.<\/span><\/p>\n<\/div>\n<\/div><\/div><\/div><\/div><div id=\"pgc-w6377a6b17c484-0-1\" class=\"panel-grid-cell\"><div id=\"panel-w6377a6b17c484-0-1-0\" class=\"so-panel widget widget_sow-editor panel-first-child panel-last-child\" data-index=\"1\"><div style=\"text-align: left;\" data-title-color=\"#443f3f\" data-headings-color=\"#443f3f\" class=\"panel-widget-style panel-widget-style-for-w6377a6b17c484-0-1-0\"><div class=\"so-widget-sow-editor so-widget-sow-editor-base\">\n<div class=\"siteorigin-widget-tinymce textwidget\">\n\t<p><\/p><strong>HERACLES<\/strong>\n<p><span style=\"font-size: small;\"><a href=\"http:\/\/www.heraclesloaders.com\/es\/\">P\u00e1gina Principal<\/a><\/span><\/p>\n<p><span style=\"font-size: small;\"><a href=\"http:\/\/www.heraclesloaders.com\/es\/heracles-h580-wheel-loader\/\">Cargadoras<\/a><\/span><\/p>\n<p><span style=\"font-size: small;\"><a href=\"http:\/\/www.heraclesloaders.com\/es\/h580t-telescopic-loader\/\">Cargadoras Telesc\u00f3picas<\/a><\/span><\/p>\n<p><span style=\"font-size: small;\"><a href=\"http:\/\/www.heraclesloaders.com\/es\/heracles-loader\/\">Accesorios<\/a><\/span><\/p>\n<\/div>\n<\/div><\/div><\/div><\/div><div id=\"pgc-w6377a6b17c484-0-2\" class=\"panel-grid-cell panel-grid-cell-empty\"><\/div><div id=\"pgc-w6377a6b17c484-0-3\" class=\"panel-grid-cell panel-grid-cell-empty\"><\/div><div id=\"pgc-w6377a6b17c484-0-4\" class=\"panel-grid-cell\"><div id=\"panel-w6377a6b17c484-0-4-0\" class=\"so-panel widget widget_sow-editor panel-first-child panel-last-child\" data-index=\"2\"><div style=\"text-align: left;\" data-title-color=\"#443f3f\" data-headings-color=\"#443f3f\" class=\"panel-widget-style panel-widget-style-for-w6377a6b17c484-0-4-0\"><div class=\"so-widget-sow-editor so-widget-sow-editor-base\">\n<div class=\"siteorigin-widget-tinymce textwidget\">\n\t<p><\/p><strong>HORARIOS<\/strong>\n<p><span style=\"font-size: small;\">Nuestro servicio de atenci\u00f3n al cliente est\u00e1 disponible las 24 horas del d\u00eda, los siete d\u00edas de la semana.<\/span><\/p>\n<p><span style=\"font-size: small;\">Lunes a S\u00e1bado: 9am - 5pm (horario de Beijing)<\/span><\/p>\n<p><span style=\"font-size: small;\">Domingo: 9am - 2pm (horario de Beijing)<\/span><\/p>\n<p>\u00a0<\/p>\n<\/div>\n<\/div><\/div><\/div><\/div><div id=\"pgc-w6377a6b17c484-0-5\" class=\"panel-grid-cell\"><div id=\"panel-w6377a6b17c484-0-5-0\" class=\"so-panel widget widget_sow-editor panel-first-child panel-last-child\" data-index=\"3\"><div style=\"text-align: left;\" data-title-color=\"#443f3f\" data-headings-color=\"#443f3f\" class=\"panel-widget-style panel-widget-style-for-w6377a6b17c484-0-5-0\"><div class=\"so-widget-sow-editor so-widget-sow-editor-base\">\n<div class=\"siteorigin-widget-tinymce textwidget\">\n\t<p><\/p><strong>F\u00c1BRICA<\/strong>\n<p><span style=\"font-size: small;\">Direcci\u00f3n: Qingdao Heracles Machinery Manufacturing<br>\nZona Industrial D<br>\nQingdao - Shandong<br>\nCHINA<\/span><\/p>\n<p><span style=\"font-size: small;\">TEL\u00c9FONO: +86 1347 8585 715<\/span><br>\n<\/p>\n<\/div>\n<\/div><\/div><\/div><\/div><\/div><\/div><\/div><\/div><\/div><\/div><\/div><\/div><\/div><\/body>","protected":false},"excerpt":{"rendered":"<p>HERACLES LOADERS&#8217; 12 MONTH WARRANTY At HERACLES Wheel Loaders we back up all our machines\u00a0and parts with a 12 Month Comprehensive Warranty Plan &#8211; giving all our customers the peace of mind they truly deserve. 12 MONTH COMPREHENSIVE WARRANTY PLAN Our coverage plan includes delivering genuine spare part by express air delivery within 24 hours free of charge &#8211; both to HERACLES Wheel Loaders Dealers and end-users. Depending on your location, these are sent directly from our factory or from one of our spare parts distribution centers. DEALERSHIPS Dealerships and Partners are provided with a [&hellip;]<\/p>\n","protected":false},"author":1,"featured_media":0,"parent":0,"menu_order":0,"comment_status":"closed","ping_status":"closed","template":"page-templates\/page_front-page.php","meta":{"om_disable_all_campaigns":false,"_monsterinsights_skip_tracking":false,"_monsterinsights_sitenote_active":false,"_monsterinsights_sitenote_note":"","_monsterinsights_sitenote_category":0,"footnotes":""},"class_list":["post-2142","page","type-page","status-publish","hentry"],"yoast_head":"<!-- This site is optimized with the Yoast SEO plugin v27.4 - https:\/\/yoast.com\/product\/yoast-seo-wordpress\/ -->\n<title>Heracles Wheel Loaders Warranty - HERACLES Wheel Loaders OFFICIAL SITE<\/title>\n<meta name=\"robots\" content=\"index, follow, max-snippet:-1, max-image-preview:large, max-video-preview:-1\" \/>\n<link rel=\"canonical\" href=\"https:\/\/www.heraclesloaders.com\/es\/heracles-wheel-loaders-warranty\/\" \/>\n<meta property=\"og:locale\" content=\"es_ES\" \/>\n<meta property=\"og:type\" content=\"article\" \/>\n<meta property=\"og:title\" content=\"Heracles Wheel Loaders Warranty - HERACLES Wheel Loaders OFFICIAL SITE\" \/>\n<meta property=\"og:description\" content=\"HERACLES LOADERS&#039; 12 MONTH WARRANTY At HERACLES Wheel Loaders we back up all our machines\u00a0and parts with a 12 Month Comprehensive Warranty Plan - giving all our customers the peace of mind they truly deserve. 12 MONTH COMPREHENSIVE WARRANTY PLAN Our coverage plan includes delivering genuine spare part by express air delivery within 24 hours free of charge - both to HERACLES Wheel Loaders Dealers and end-users. Depending on your location, these are sent directly from our factory or from one of our spare parts distribution centers. DEALERSHIPS Dealerships and Partners are provided with a [&hellip;]\" \/>\n<meta property=\"og:url\" content=\"https:\/\/www.heraclesloaders.com\/es\/heracles-wheel-loaders-warranty\/\" \/>\n<meta property=\"og:site_name\" content=\"HERACLES Wheel Loaders OFFICIAL SITE\" \/>\n<meta property=\"article:modified_time\" content=\"2023-10-27T13:33:52+00:00\" \/>\n<meta property=\"og:image\" content=\"http:\/\/www.heraclesloaders.com\/wp-content\/uploads\/2019\/03\/heracles-loader-lgw-2.jpg\" \/>\n<meta name=\"twitter:card\" content=\"summary_large_image\" \/>\n<meta name=\"twitter:label1\" content=\"Tiempo de lectura\" \/>\n\t<meta name=\"twitter:data1\" content=\"1 minuto\" \/>\n<script type=\"application\/ld+json\" class=\"yoast-schema-graph\">{\"@context\":\"https:\\\/\\\/schema.org\",\"@graph\":[{\"@type\":\"WebPage\",\"@id\":\"https:\\\/\\\/www.heraclesloaders.com\\\/en_us\\\/heracles-wheel-loaders-warranty\\\/\",\"url\":\"https:\\\/\\\/www.heraclesloaders.com\\\/en_us\\\/heracles-wheel-loaders-warranty\\\/\",\"name\":\"Heracles Wheel Loaders Warranty - HERACLES Wheel Loaders OFFICIAL SITE\",\"isPartOf\":{\"@id\":\"https:\\\/\\\/www.heraclesloaders.com\\\/en_us\\\/#website\"},\"primaryImageOfPage\":{\"@id\":\"https:\\\/\\\/www.heraclesloaders.com\\\/en_us\\\/heracles-wheel-loaders-warranty\\\/#primaryimage\"},\"image\":{\"@id\":\"https:\\\/\\\/www.heraclesloaders.com\\\/en_us\\\/heracles-wheel-loaders-warranty\\\/#primaryimage\"},\"thumbnailUrl\":\"http:\\\/\\\/www.heraclesloaders.com\\\/wp-content\\\/uploads\\\/2019\\\/03\\\/heracles-loader-lgw-2.jpg\",\"datePublished\":\"2017-12-12T06:37:17+00:00\",\"dateModified\":\"2023-10-27T13:33:52+00:00\",\"breadcrumb\":{\"@id\":\"https:\\\/\\\/www.heraclesloaders.com\\\/en_us\\\/heracles-wheel-loaders-warranty\\\/#breadcrumb\"},\"inLanguage\":\"es\",\"potentialAction\":[{\"@type\":\"ReadAction\",\"target\":[\"https:\\\/\\\/www.heraclesloaders.com\\\/en_us\\\/heracles-wheel-loaders-warranty\\\/\"]}]},{\"@type\":\"ImageObject\",\"inLanguage\":\"es\",\"@id\":\"https:\\\/\\\/www.heraclesloaders.com\\\/en_us\\\/heracles-wheel-loaders-warranty\\\/#primaryimage\",\"url\":\"http:\\\/\\\/www.heraclesloaders.com\\\/wp-content\\\/uploads\\\/2019\\\/03\\\/heracles-loader-lgw-2.jpg\",\"contentUrl\":\"http:\\\/\\\/www.heraclesloaders.com\\\/wp-content\\\/uploads\\\/2019\\\/03\\\/heracles-loader-lgw-2.jpg\"},{\"@type\":\"BreadcrumbList\",\"@id\":\"https:\\\/\\\/www.heraclesloaders.com\\\/en_us\\\/heracles-wheel-loaders-warranty\\\/#breadcrumb\",\"itemListElement\":[{\"@type\":\"ListItem\",\"position\":1,\"name\":\"Home\",\"item\":\"https:\\\/\\\/www.heraclesloaders.com\\\/en_us\\\/\"},{\"@type\":\"ListItem\",\"position\":2,\"name\":\"Heracles Wheel Loaders Warranty\"}]},{\"@type\":\"WebSite\",\"@id\":\"https:\\\/\\\/www.heraclesloaders.com\\\/en_us\\\/#website\",\"url\":\"https:\\\/\\\/www.heraclesloaders.com\\\/en_us\\\/\",\"name\":\"HERACLES Wheel Loaders OFFICIAL SITE\",\"description\":\"HERACLES Loaders and Excavators\",\"potentialAction\":[{\"@type\":\"SearchAction\",\"target\":{\"@type\":\"EntryPoint\",\"urlTemplate\":\"https:\\\/\\\/www.heraclesloaders.com\\\/en_us\\\/?s={search_term_string}\"},\"query-input\":{\"@type\":\"PropertyValueSpecification\",\"valueRequired\":true,\"valueName\":\"search_term_string\"}}],\"inLanguage\":\"es\"}]}<\/script>\n<!-- \/ Yoast SEO plugin. -->","yoast_head_json":{"title":"Heracles Wheel Loaders Warranty - HERACLES Wheel Loaders OFFICIAL SITE","robots":{"index":"index","follow":"follow","max-snippet":"max-snippet:-1","max-image-preview":"max-image-preview:large","max-video-preview":"max-video-preview:-1"},"canonical":"https:\/\/www.heraclesloaders.com\/es\/heracles-wheel-loaders-warranty\/","og_locale":"es_ES","og_type":"article","og_title":"Heracles Wheel Loaders Warranty - HERACLES Wheel Loaders OFFICIAL SITE","og_description":"HERACLES LOADERS' 12 MONTH WARRANTY At HERACLES Wheel Loaders we back up all our machines\u00a0and parts with a 12 Month Comprehensive Warranty Plan - giving all our customers the peace of mind they truly deserve. 12 MONTH COMPREHENSIVE WARRANTY PLAN Our coverage plan includes delivering genuine spare part by express air delivery within 24 hours free of charge - both to HERACLES Wheel Loaders Dealers and end-users. Depending on your location, these are sent directly from our factory or from one of our spare parts distribution centers. DEALERSHIPS Dealerships and Partners are provided with a [&hellip;]","og_url":"https:\/\/www.heraclesloaders.com\/es\/heracles-wheel-loaders-warranty\/","og_site_name":"HERACLES Wheel Loaders OFFICIAL SITE","article_modified_time":"2023-10-27T13:33:52+00:00","og_image":[{"url":"http:\/\/www.heraclesloaders.com\/wp-content\/uploads\/2019\/03\/heracles-loader-lgw-2.jpg","type":"","width":"","height":""}],"twitter_card":"summary_large_image","twitter_misc":{"Tiempo de lectura":"1 minuto"},"schema":{"@context":"https:\/\/schema.org","@graph":[{"@type":"WebPage","@id":"https:\/\/www.heraclesloaders.com\/en_us\/heracles-wheel-loaders-warranty\/","url":"https:\/\/www.heraclesloaders.com\/en_us\/heracles-wheel-loaders-warranty\/","name":"Heracles Wheel Loaders Warranty - HERACLES Wheel Loaders OFFICIAL SITE","isPartOf":{"@id":"https:\/\/www.heraclesloaders.com\/en_us\/#website"},"primaryImageOfPage":{"@id":"https:\/\/www.heraclesloaders.com\/en_us\/heracles-wheel-loaders-warranty\/#primaryimage"},"image":{"@id":"https:\/\/www.heraclesloaders.com\/en_us\/heracles-wheel-loaders-warranty\/#primaryimage"},"thumbnailUrl":"http:\/\/www.heraclesloaders.com\/wp-content\/uploads\/2019\/03\/heracles-loader-lgw-2.jpg","datePublished":"2017-12-12T06:37:17+00:00","dateModified":"2023-10-27T13:33:52+00:00","breadcrumb":{"@id":"https:\/\/www.heraclesloaders.com\/en_us\/heracles-wheel-loaders-warranty\/#breadcrumb"},"inLanguage":"es","potentialAction":[{"@type":"ReadAction","target":["https:\/\/www.heraclesloaders.com\/en_us\/heracles-wheel-loaders-warranty\/"]}]},{"@type":"ImageObject","inLanguage":"es","@id":"https:\/\/www.heraclesloaders.com\/en_us\/heracles-wheel-loaders-warranty\/#primaryimage","url":"http:\/\/www.heraclesloaders.com\/wp-content\/uploads\/2019\/03\/heracles-loader-lgw-2.jpg","contentUrl":"http:\/\/www.heraclesloaders.com\/wp-content\/uploads\/2019\/03\/heracles-loader-lgw-2.jpg"},{"@type":"BreadcrumbList","@id":"https:\/\/www.heraclesloaders.com\/en_us\/heracles-wheel-loaders-warranty\/#breadcrumb","itemListElement":[{"@type":"ListItem","position":1,"name":"Home","item":"https:\/\/www.heraclesloaders.com\/en_us\/"},{"@type":"ListItem","position":2,"name":"Heracles Wheel Loaders Warranty"}]},{"@type":"WebSite","@id":"https:\/\/www.heraclesloaders.com\/en_us\/#website","url":"https:\/\/www.heraclesloaders.com\/en_us\/","name":"P\u00c1GINA OFICIAL HERACLES","description":"HERACLES Loaders and Excavators","potentialAction":[{"@type":"SearchAction","target":{"@type":"EntryPoint","urlTemplate":"https:\/\/www.heraclesloaders.com\/en_us\/?s={search_term_string}"},"query-input":{"@type":"PropertyValueSpecification","valueRequired":true,"valueName":"search_term_string"}}],"inLanguage":"es"}]}},"jetpack_sharing_enabled":true,"_links":{"self":[{"href":"https:\/\/www.heraclesloaders.com\/es\/wp-json\/wp\/v2\/pages\/2142","targetHints":{"allow":["GET"]}}],"collection":[{"href":"https:\/\/www.heraclesloaders.com\/es\/wp-json\/wp\/v2\/pages"}],"about":[{"href":"https:\/\/www.heraclesloaders.com\/es\/wp-json\/wp\/v2\/types\/page"}],"author":[{"embeddable":true,"href":"https:\/\/www.heraclesloaders.com\/es\/wp-json\/wp\/v2\/users\/1"}],"replies":[{"embeddable":true,"href":"https:\/\/www.heraclesloaders.com\/es\/wp-json\/wp\/v2\/comments?post=2142"}],"version-history":[{"count":64,"href":"https:\/\/www.heraclesloaders.com\/es\/wp-json\/wp\/v2\/pages\/2142\/revisions"}],"predecessor-version":[{"id":3442,"href":"https:\/\/www.heraclesloaders.com\/es\/wp-json\/wp\/v2\/pages\/2142\/revisions\/3442"}],"wp:attachment":[{"href":"https:\/\/www.heraclesloaders.com\/es\/wp-json\/wp\/v2\/media?parent=2142"}],"curies":[{"name":"wp","href":"https:\/\/api.w.org\/{rel}","templated":true}]}}