{"id":2187,"date":"2017-12-14T08:18:08","date_gmt":"2017-12-14T08:18:08","guid":{"rendered":"http:\/\/www.heraclesloaders.com\/?page_id=2187"},"modified":"2023-10-27T13:14:21","modified_gmt":"2023-10-27T13:14:21","slug":"heracles","status":"publish","type":"page","link":"https:\/\/www.heraclesloaders.com\/es\/heracles\/","title":{"rendered":"Heracles ha dise\u00f1ado"},"content":{"rendered":"<body><div id=\"pl-2187\" class=\"panel-layout\"><div id=\"pg-2187-0\" class=\"panel-grid panel-has-style\"><div style=\"padding: 20px 0; \" data-overlay=\"true\" data-overlay-color=\"#000000\" class=\"panel-row-style panel-row-style-for-2187-0\"><div id=\"pgc-2187-0-0\" class=\"panel-grid-cell panel-grid-cell-empty\"><\/div><\/div><\/div><div id=\"pg-2187-1\" class=\"panel-grid panel-has-style\"><div class=\"siteorigin-panels-stretch panel-row-style panel-row-style-for-2187-1\" style=\"padding: 20px 0; \" data-stretch-type=\"full\" data-overlay=\"true\" data-overlay-color=\"#000000\"><div id=\"pgc-2187-1-0\" class=\"panel-grid-cell\"><div id=\"panel-2187-1-0-0\" class=\"so-panel widget widget_siteorigin-panels-builder panel-first-child panel-last-child\" data-index=\"0\"><div style=\"text-align: left;\" data-title-color=\"#443f3f\" data-headings-color=\"#443f3f\" class=\"panel-widget-style panel-widget-style-for-2187-1-0-0\"><div id=\"pl-w653bb7ad10a93\" class=\"panel-layout\"><div id=\"pg-w653bb7ad10a93-0\" class=\"panel-grid panel-has-style\"><div style=\"padding: 20px 0; \" data-overlay=\"true\" data-overlay-color=\"#000000\" class=\"panel-row-style panel-row-style-for-w653bb7ad10a93-0\"><div id=\"pgc-w653bb7ad10a93-0-0\" class=\"panel-grid-cell\"><div id=\"panel-w653bb7ad10a93-0-0-0\" class=\"so-panel widget widget_sow-editor panel-first-child panel-last-child\" data-index=\"0\"><div style=\"text-align: left;\" data-title-color=\"#443f3f\" data-headings-color=\"#443f3f\" class=\"panel-widget-style panel-widget-style-for-w653bb7ad10a93-0-0-0\"><div class=\"so-widget-sow-editor so-widget-sow-editor-base\"><h3 class=\"widget-title\">\u00bfC\u00d3MO SER DISTRIBUIDOR DE HERACLES?<\/h3>\n<div class=\"siteorigin-widget-tinymce textwidget\">\n\t<p><\/p>At HERACLES we provide high quality machinery and a customer service which is unmatched in the industry. HERACLES has a worldwide Dealer Network with partners in countries which have some of the highest quality standards like Sweden, Norway, Denmark, Germany, Canada, Australia, the Netherlands and Finland. We are always looking forward to expanding our dealer network, so if you are interested in becoming a part of the HERACLES family please keep reading on.\n<p>We strive to work with our dealers to provide the best possible customer service to end users. This involves working closely together with dealers, implementing dealer training programs, providing our engineering expertise 24\/7, and keeping a stock of spare parts at our dealers' sites.<\/p>\n<\/div>\n<\/div><\/div><\/div><\/div><div id=\"pgc-w653bb7ad10a93-0-1\" class=\"panel-grid-cell\"><div id=\"panel-w653bb7ad10a93-0-1-0\" class=\"so-panel widget widget_sow-editor panel-first-child panel-last-child\" data-index=\"1\"><div style=\"text-align: left;\" data-title-color=\"#443f3f\" data-headings-color=\"#443f3f\" class=\"panel-widget-style panel-widget-style-for-w653bb7ad10a93-0-1-0\"><div class=\"so-widget-sow-editor so-widget-sow-editor-base\">\n<div class=\"siteorigin-widget-tinymce textwidget\">\n\t<p><\/p>\n<h4>FORMACI\u00d3N EN CONCESIONARIOS<\/h4>\n<p>Part of our commitment involves having training workshops at our factory. During these workshops you will see first had how all our parts are manufactured, assembled and tested. HERACLES\u2019 Chief Engineer will walk you through the entire process and will answer any questions you may have. Best practices regarding the machines maintenance and repair are also covered during these workshops.<\/p>\n<h4>ENV\u00cdO R\u00c1PIDO DE PIEZAS ORIGINALES<\/h4>\n<p>In order to keep downtime to a bare minimum so that our end-users can get the most out of their investment, we strive to work with our dealers so that HERACLES Dealers have spare parts ready at their workshops. Additional spare parts are sent within 24 hours via express air delivery. <a href=\"https:\/\/www.heraclesloaders.com\/es\/heracles-loaders\/\">Haga clic aqu\u00ed<\/a> para obtener m\u00e1s informaci\u00f3n sobre las piezas de repuesto para cargadoras de ruedas Heracles.<\/p>\n<h4>\u00bfLE INTERESA SER DISTRIBUIDOR DE HERACLES?<\/h4>\n<p>We look for dealers who like us are committed to working together in order to offer customers high quality machines and an outstanding service support and building a strong and long-lasting partnership. If you are thinking about joining the HERACLES\u2019 family, do not hesitate to contact us.<\/p>\n<p><a href=\"http:\/\/www.heraclesloaders.com\/es\/heracles-wheel-loaders\/\">CONTACTO<\/a><\/p>\n<\/div>\n<\/div><\/div><\/div><\/div><\/div><\/div><\/div><\/div><\/div><\/div><\/div><\/div><div id=\"pg-2187-2\" class=\"panel-grid panel-has-style\"><div class=\"siteorigin-panels-stretch panel-row-style panel-row-style-for-2187-2\" style=\"padding: 20px 0; \" data-stretch-type=\"full\" data-overlay=\"true\" data-overlay-color=\"#000000\"><div id=\"pgc-2187-2-0\" class=\"panel-grid-cell\"><div id=\"panel-2187-2-0-0\" class=\"so-panel widget widget_sydney_action sydney_action_widget panel-first-child panel-last-child\" data-index=\"1\"><div style=\"text-align: left;\" data-title-color=\"#000000\" data-headings-color=\"#000000\" class=\"panel-widget-style panel-widget-style-for-2187-2-0-0\">        <div class=\"roll-promobox aside-style\">\r\n\t\t\t<div class=\"promo-wrap\">\r\n\t\t\t\t\t\t\t\t<div class=\"promo-content\">\r\n\t\t\t\t\t<h3 class=\"title\">Click Here To Contact Us About Becoming a HERACLES Dealer  &gt;&gt;&gt;<\/h3>\r\n\t\t\t\t<\/div>\r\n\t\t\t\t\t\t\t\t<div class=\"promo-controls\">\r\n\t\t\t\t\t<a href=\"\" class=\"roll-button border\">CONTACTO<\/a>\r\n\t\t\t\t<\/div>\r\n\t\t\t<\/div>\r\n        <\/div>\r\n\t<\/div><\/div><\/div><\/div><\/div><div id=\"pg-2187-3\" class=\"panel-grid panel-has-style\"><div class=\"siteorigin-panels-stretch panel-row-style panel-row-style-for-2187-3\" style=\"padding: 10px 0; \" data-stretch-type=\"full\" data-overlay=\"true\" data-overlay-color=\"#000000\"><div id=\"pgc-2187-3-0\" class=\"panel-grid-cell\"><div id=\"panel-2187-3-0-0\" class=\"so-panel widget widget_sow-social-media-buttons panel-first-child\" data-index=\"2\"><div style=\"text-align: left;\" data-title-color=\"#443f3f\" data-headings-color=\"#443f3f\" class=\"panel-widget-style panel-widget-style-for-2187-3-0-0\"><div class=\"so-widget-sow-social-media-buttons so-widget-sow-social-media-buttons-atom-19e4ef907fc4-2187\">\n\n<div class=\"social-media-button-container\">\n\t\n\t\t<a class=\"ow-button-hover sow-social-media-button-facebook-0 sow-social-media-button\" title=\"HERACLES Wheel Loaders OFFICIAL SITE en Facebook\" aria-label=\"HERACLES Wheel Loaders OFFICIAL SITE en Facebook\" target=\"_blank\" rel=\"noopener noreferrer\" href=\"https:\/\/www.facebook.com\/HeraclesLoaders\/\">\n\t\t\t<span>\n\t\t\t\t\t\t\t\t<span class=\"sow-icon-fontawesome sow-fab\" data-sow-icon=\"\uf39e\" aria-hidden=\"true\"><\/span>\t\t\t\t\t\t\t<\/span>\n\t\t<\/a>\n\t\n\t\t<a class=\"ow-button-hover sow-social-media-button-youtube-0 sow-social-media-button\" title=\"HERACLES Wheel Loaders OFFICIAL SITE en Youtube\" aria-label=\"HERACLES Wheel Loaders OFFICIAL SITE en Youtube\" target=\"_blank\" rel=\"noopener noreferrer\" href=\"https:\/\/www.youtube.com\/@heraclesloaders\">\n\t\t\t<span>\n\t\t\t\t\t\t\t\t<span class=\"sow-icon-fontawesome sow-fab\" data-sow-icon=\"\uf167\" aria-hidden=\"true\"><\/span>\t\t\t\t\t\t\t<\/span>\n\t\t<\/a>\n\t<\/div>\n<\/div><\/div><\/div><div id=\"panel-2187-3-0-1\" class=\"so-panel widget widget_siteorigin-panels-builder panel-last-child\" data-index=\"3\"><div style=\"text-align: left;\" data-title-color=\"#443f3f\" data-headings-color=\"#443f3f\" class=\"panel-widget-style panel-widget-style-for-2187-3-0-1\"><div id=\"pl-w637bfcd279719\" class=\"panel-layout\"><div id=\"pg-w637bfcd279719-0\" class=\"panel-grid panel-has-style\"><div class=\"siteorigin-panels-stretch panel-row-style panel-row-style-for-w637bfcd279719-0\" style=\"padding: 0px 0; \" data-stretch-type=\"full\" data-overlay=\"true\" data-overlay-color=\"#000000\"><div id=\"pgc-w637bfcd279719-0-0\" class=\"panel-grid-cell\"><div id=\"panel-w637bfcd279719-0-0-0\" class=\"so-panel widget widget_sow-editor panel-first-child panel-last-child\" data-index=\"0\"><div style=\"text-align: left;\" data-title-color=\"#443f3f\" data-headings-color=\"#443f3f\" class=\"panel-widget-style panel-widget-style-for-w637bfcd279719-0-0-0\"><div class=\"so-widget-sow-editor so-widget-sow-editor-base\">\n<div class=\"siteorigin-widget-tinymce textwidget\">\n\t<p><\/p><span><strong>EMPRESA<\/strong><\/span>\n<p><span style=\"font-size: small;\"> En HERACLES nos esforzamos por fabricar los mejores equipos del mercado centr\u00e1ndonos en la calidad, la fiabilidad y la excelencia en el dise\u00f1o. <\/span><\/p>\n<p><span style=\"font-size: small;\"> Nuestro equipo de soporte dedicado le ayudar\u00e1 en todo momento. Estamos disponibles 24 horas al d\u00eda, 7 d\u00edas a la semana. <\/span><\/p>\n<\/div>\n<\/div><\/div><\/div><\/div><div id=\"pgc-w637bfcd279719-0-1\" class=\"panel-grid-cell\"><div id=\"panel-w637bfcd279719-0-1-0\" class=\"so-panel widget widget_sow-editor panel-first-child panel-last-child\" data-index=\"1\"><div style=\"text-align: left;\" data-title-color=\"#443f3f\" data-headings-color=\"#443f3f\" class=\"panel-widget-style panel-widget-style-for-w637bfcd279719-0-1-0\"><div class=\"so-widget-sow-editor so-widget-sow-editor-base\">\n<div class=\"siteorigin-widget-tinymce textwidget\">\n\t<p><\/p><strong>HERACLES<\/strong>\n<p><span style=\"font-size: small;\"><a href=\"http:\/\/www.heraclesloaders.com\/es\/\">P\u00e1gina Principal<\/a><\/span><\/p>\n<p><span style=\"font-size: small;\"><a href=\"http:\/\/www.heraclesloaders.com\/es\/heracles-h580-wheel-loader\/\">Cargadoras<\/a><\/span><\/p>\n<p><span style=\"font-size: small;\"><a href=\"http:\/\/www.heraclesloaders.com\/es\/h580t-telescopic-loader\/\">Cargadoras Telesc\u00f3picas<\/a><\/span><\/p>\n<p><span style=\"font-size: small;\"><a href=\"http:\/\/www.heraclesloaders.com\/es\/heracles-loader\/\">Accesorios<\/a><\/span><\/p>\n<\/div>\n<\/div><\/div><\/div><\/div><div id=\"pgc-w637bfcd279719-0-2\" class=\"panel-grid-cell\"><div id=\"panel-w637bfcd279719-0-2-0\" class=\"so-panel widget widget_sow-editor panel-first-child panel-last-child\" data-index=\"2\"><div style=\"text-align: left;\" data-title-color=\"#443f3f\" data-headings-color=\"#443f3f\" class=\"panel-widget-style panel-widget-style-for-w637bfcd279719-0-2-0\"><div class=\"so-widget-sow-editor so-widget-sow-editor-base\">\n<div class=\"siteorigin-widget-tinymce textwidget\">\n\t<p><\/p><span>\u00a0<\/span>\n<p><span style=\"font-size: small;\"><a href=\"http:\/\/www.heraclesloaders.com\/es\/heracles-wheel-loaders\/\">Contacto<\/a><\/span><\/p>\n<p><span style=\"font-size: small;\"><a href=\"http:\/\/www.heraclesloaders.com\/es\/heracles-wheel-loaders\/\">Sobre Nosotros<\/a><\/span><\/p>\n<p><span style=\"font-size: small;\"><a href=\"http:\/\/www.heraclesloaders.com\/es\/heracles-loaders\/\">Piezas<\/a><\/span><\/p>\n<p><span style=\"font-size: small;\"><a href=\"\/es\/%E2%80%9Chttp:\/\/www.heraclesloaders.com\/heracles\/%22\/\">Garant\u00eda<\/a><\/span><\/p>\n<\/div>\n<\/div><\/div><\/div><\/div><div id=\"pgc-w637bfcd279719-0-3\" class=\"panel-grid-cell panel-grid-cell-empty\"><\/div><div id=\"pgc-w637bfcd279719-0-4\" class=\"panel-grid-cell\"><div id=\"panel-w637bfcd279719-0-4-0\" class=\"so-panel widget widget_sow-editor panel-first-child panel-last-child\" data-index=\"3\"><div style=\"text-align: left;\" data-title-color=\"#443f3f\" data-headings-color=\"#443f3f\" class=\"panel-widget-style panel-widget-style-for-w637bfcd279719-0-4-0\"><div class=\"so-widget-sow-editor so-widget-sow-editor-base\">\n<div class=\"siteorigin-widget-tinymce textwidget\">\n\t<p><\/p><strong>HORARIOS<\/strong>\n<p><span style=\"font-size: small;\">Soporte T\u00e9cnico - abierto a todas horas.<\/span><\/p>\n<p><span style=\"font-size: small;\"><strong>HORARIO F\u00c1BRICA<\/strong><br>Lunes - S\u00e1bado:  9am - 5pm <br>Domingo:  9am - 2pm<\/span><\/p>\n<\/div>\n<\/div><\/div><\/div><\/div><div id=\"pgc-w637bfcd279719-0-5\" class=\"panel-grid-cell\"><div id=\"panel-w637bfcd279719-0-5-0\" class=\"so-panel widget widget_sow-editor panel-first-child panel-last-child\" data-index=\"4\"><div style=\"text-align: left;\" data-title-color=\"#443f3f\" data-headings-color=\"#443f3f\" class=\"panel-widget-style panel-widget-style-for-w637bfcd279719-0-5-0\"><div class=\"so-widget-sow-editor so-widget-sow-editor-base\">\n<div class=\"siteorigin-widget-tinymce textwidget\">\n\t<p><\/p><strong>F\u00c1BRICA<\/strong>\n<p><span style=\"font-size: small;\"><strong>DIRECCI\u00d3N<\/strong><br>Qingdao Heracles Machinery Manufacturing<br> Zona Industrial D<br>Qingdao - Shandong<br>CHINA<br>TEL\u00c9FONO: +86 1-347-858-5715<\/span><\/p>\n<\/div>\n<\/div><\/div><\/div><\/div><\/div><\/div><\/div><\/div><\/div><\/div><\/div><\/div><\/div><\/body>","protected":false},"excerpt":{"rendered":"<p>HOW TO BECOME A HERACLES WHEEL LOADERS DEALER? At HERACLES we provide high quality machinery and a customer service which is unmatched in the industry. HERACLES has a worldwide Dealer Network with partners in countries which have some of the highest quality standards like Sweden, Norway, Denmark, Germany, Canada, Australia, the Netherlands and Finland. We are always looking forward to expanding our dealer network, so if you are interested in becoming a part of the HERACLES family please keep reading on. We strive to work with our dealers to provide the best possible customer service [&hellip;]<\/p>\n","protected":false},"author":1,"featured_media":0,"parent":0,"menu_order":0,"comment_status":"closed","ping_status":"closed","template":"page-templates\/page_front-page.php","meta":{"om_disable_all_campaigns":false,"_monsterinsights_skip_tracking":false,"_monsterinsights_sitenote_active":false,"_monsterinsights_sitenote_note":"","_monsterinsights_sitenote_category":0,"footnotes":""},"class_list":["post-2187","page","type-page","status-publish","hentry"],"yoast_head":"<!-- This site is optimized with the Yoast SEO plugin v27.4 - https:\/\/yoast.com\/product\/yoast-seo-wordpress\/ -->\n<title>Heracles - HERACLES Wheel Loaders OFFICIAL SITE<\/title>\n<meta name=\"robots\" content=\"index, follow, max-snippet:-1, max-image-preview:large, max-video-preview:-1\" \/>\n<link rel=\"canonical\" href=\"https:\/\/www.heraclesloaders.com\/es\/heracles\/\" \/>\n<meta property=\"og:locale\" content=\"es_ES\" \/>\n<meta property=\"og:type\" content=\"article\" \/>\n<meta property=\"og:title\" content=\"Heracles - HERACLES Wheel Loaders OFFICIAL SITE\" \/>\n<meta property=\"og:description\" content=\"HOW TO BECOME A HERACLES WHEEL LOADERS DEALER? At HERACLES we provide high quality machinery and a customer service which is unmatched in the industry. HERACLES has a worldwide Dealer Network with partners in countries which have some of the highest quality standards like Sweden, Norway, Denmark, Germany, Canada, Australia, the Netherlands and Finland. We are always looking forward to expanding our dealer network, so if you are interested in becoming a part of the HERACLES family please keep reading on. We strive to work with our dealers to provide the best possible customer service [&hellip;]\" \/>\n<meta property=\"og:url\" content=\"https:\/\/www.heraclesloaders.com\/es\/heracles\/\" \/>\n<meta property=\"og:site_name\" content=\"HERACLES Wheel Loaders OFFICIAL SITE\" \/>\n<meta property=\"article:modified_time\" content=\"2023-10-27T13:14:21+00:00\" \/>\n<meta name=\"twitter:card\" content=\"summary_large_image\" \/>\n<meta name=\"twitter:label1\" content=\"Tiempo de lectura\" \/>\n\t<meta name=\"twitter:data1\" content=\"2 minutos\" \/>\n<script type=\"application\/ld+json\" class=\"yoast-schema-graph\">{\"@context\":\"https:\\\/\\\/schema.org\",\"@graph\":[{\"@type\":\"WebPage\",\"@id\":\"https:\\\/\\\/www.heraclesloaders.com\\\/en_us\\\/heracles\\\/\",\"url\":\"https:\\\/\\\/www.heraclesloaders.com\\\/en_us\\\/heracles\\\/\",\"name\":\"Heracles - HERACLES Wheel Loaders OFFICIAL SITE\",\"isPartOf\":{\"@id\":\"https:\\\/\\\/www.heraclesloaders.com\\\/en_us\\\/#website\"},\"datePublished\":\"2017-12-14T08:18:08+00:00\",\"dateModified\":\"2023-10-27T13:14:21+00:00\",\"breadcrumb\":{\"@id\":\"https:\\\/\\\/www.heraclesloaders.com\\\/en_us\\\/heracles\\\/#breadcrumb\"},\"inLanguage\":\"es\",\"potentialAction\":[{\"@type\":\"ReadAction\",\"target\":[\"https:\\\/\\\/www.heraclesloaders.com\\\/en_us\\\/heracles\\\/\"]}]},{\"@type\":\"BreadcrumbList\",\"@id\":\"https:\\\/\\\/www.heraclesloaders.com\\\/en_us\\\/heracles\\\/#breadcrumb\",\"itemListElement\":[{\"@type\":\"ListItem\",\"position\":1,\"name\":\"Home\",\"item\":\"https:\\\/\\\/www.heraclesloaders.com\\\/en_us\\\/\"},{\"@type\":\"ListItem\",\"position\":2,\"name\":\"Heracles\"}]},{\"@type\":\"WebSite\",\"@id\":\"https:\\\/\\\/www.heraclesloaders.com\\\/en_us\\\/#website\",\"url\":\"https:\\\/\\\/www.heraclesloaders.com\\\/en_us\\\/\",\"name\":\"HERACLES Wheel Loaders OFFICIAL SITE\",\"description\":\"HERACLES Loaders and Excavators\",\"potentialAction\":[{\"@type\":\"SearchAction\",\"target\":{\"@type\":\"EntryPoint\",\"urlTemplate\":\"https:\\\/\\\/www.heraclesloaders.com\\\/en_us\\\/?s={search_term_string}\"},\"query-input\":{\"@type\":\"PropertyValueSpecification\",\"valueRequired\":true,\"valueName\":\"search_term_string\"}}],\"inLanguage\":\"es\"}]}<\/script>\n<!-- \/ Yoast SEO plugin. -->","yoast_head_json":{"title":"Heracles - HERACLES Wheel Loaders OFFICIAL SITE","robots":{"index":"index","follow":"follow","max-snippet":"max-snippet:-1","max-image-preview":"max-image-preview:large","max-video-preview":"max-video-preview:-1"},"canonical":"https:\/\/www.heraclesloaders.com\/es\/heracles\/","og_locale":"es_ES","og_type":"article","og_title":"Heracles - HERACLES Wheel Loaders OFFICIAL SITE","og_description":"HOW TO BECOME A HERACLES WHEEL LOADERS DEALER? At HERACLES we provide high quality machinery and a customer service which is unmatched in the industry. HERACLES has a worldwide Dealer Network with partners in countries which have some of the highest quality standards like Sweden, Norway, Denmark, Germany, Canada, Australia, the Netherlands and Finland. We are always looking forward to expanding our dealer network, so if you are interested in becoming a part of the HERACLES family please keep reading on. We strive to work with our dealers to provide the best possible customer service [&hellip;]","og_url":"https:\/\/www.heraclesloaders.com\/es\/heracles\/","og_site_name":"HERACLES Wheel Loaders OFFICIAL SITE","article_modified_time":"2023-10-27T13:14:21+00:00","twitter_card":"summary_large_image","twitter_misc":{"Tiempo de lectura":"2 minutos"},"schema":{"@context":"https:\/\/schema.org","@graph":[{"@type":"WebPage","@id":"https:\/\/www.heraclesloaders.com\/en_us\/heracles\/","url":"https:\/\/www.heraclesloaders.com\/en_us\/heracles\/","name":"Heracles - HERACLES Wheel Loaders OFFICIAL SITE","isPartOf":{"@id":"https:\/\/www.heraclesloaders.com\/en_us\/#website"},"datePublished":"2017-12-14T08:18:08+00:00","dateModified":"2023-10-27T13:14:21+00:00","breadcrumb":{"@id":"https:\/\/www.heraclesloaders.com\/en_us\/heracles\/#breadcrumb"},"inLanguage":"es","potentialAction":[{"@type":"ReadAction","target":["https:\/\/www.heraclesloaders.com\/en_us\/heracles\/"]}]},{"@type":"BreadcrumbList","@id":"https:\/\/www.heraclesloaders.com\/en_us\/heracles\/#breadcrumb","itemListElement":[{"@type":"ListItem","position":1,"name":"Home","item":"https:\/\/www.heraclesloaders.com\/en_us\/"},{"@type":"ListItem","position":2,"name":"Heracles"}]},{"@type":"WebSite","@id":"https:\/\/www.heraclesloaders.com\/en_us\/#website","url":"https:\/\/www.heraclesloaders.com\/en_us\/","name":"P\u00c1GINA OFICIAL HERACLES","description":"HERACLES Loaders and Excavators","potentialAction":[{"@type":"SearchAction","target":{"@type":"EntryPoint","urlTemplate":"https:\/\/www.heraclesloaders.com\/en_us\/?s={search_term_string}"},"query-input":{"@type":"PropertyValueSpecification","valueRequired":true,"valueName":"search_term_string"}}],"inLanguage":"es"}]}},"jetpack_sharing_enabled":true,"_links":{"self":[{"href":"https:\/\/www.heraclesloaders.com\/es\/wp-json\/wp\/v2\/pages\/2187","targetHints":{"allow":["GET"]}}],"collection":[{"href":"https:\/\/www.heraclesloaders.com\/es\/wp-json\/wp\/v2\/pages"}],"about":[{"href":"https:\/\/www.heraclesloaders.com\/es\/wp-json\/wp\/v2\/types\/page"}],"author":[{"embeddable":true,"href":"https:\/\/www.heraclesloaders.com\/es\/wp-json\/wp\/v2\/users\/1"}],"replies":[{"embeddable":true,"href":"https:\/\/www.heraclesloaders.com\/es\/wp-json\/wp\/v2\/comments?post=2187"}],"version-history":[{"count":49,"href":"https:\/\/www.heraclesloaders.com\/es\/wp-json\/wp\/v2\/pages\/2187\/revisions"}],"predecessor-version":[{"id":3438,"href":"https:\/\/www.heraclesloaders.com\/es\/wp-json\/wp\/v2\/pages\/2187\/revisions\/3438"}],"wp:attachment":[{"href":"https:\/\/www.heraclesloaders.com\/es\/wp-json\/wp\/v2\/media?parent=2187"}],"curies":[{"name":"wp","href":"https:\/\/api.w.org\/{rel}","templated":true}]}}