{"id":2211,"date":"2017-12-16T09:21:18","date_gmt":"2017-12-16T09:21:18","guid":{"rendered":"http:\/\/www.heraclesloaders.com\/?page_id=2211"},"modified":"2023-10-27T13:24:34","modified_gmt":"2023-10-27T13:24:34","slug":"heracles-loaders","status":"publish","type":"page","link":"https:\/\/www.heraclesloaders.com\/es\/heracles-loaders\/","title":{"rendered":"Heracles Loaders"},"content":{"rendered":"<body><div id=\"pl-2211\" class=\"panel-layout\"><div id=\"pg-2211-0\" class=\"panel-grid panel-has-style\"><div class=\"siteorigin-panels-stretch panel-row-style panel-row-style-for-2211-0\" style=\"padding: 20px 0; \" data-stretch-type=\"full\" data-overlay=\"true\" data-overlay-color=\"#000000\"><div id=\"pgc-2211-0-0\" class=\"panel-grid-cell\"><div id=\"panel-2211-0-0-0\" class=\"so-panel widget widget_sow-editor panel-first-child panel-last-child\" data-index=\"0\"><div style=\"text-align: left;\" data-title-color=\"#443f3f\" data-headings-color=\"#443f3f\" class=\"panel-widget-style panel-widget-style-for-2211-0-0-0\"><div class=\"so-widget-sow-editor so-widget-sow-editor-base\"><h3 class=\"widget-title\">CARGADORAS DE RUEDAS HERACLES | PIEZAS DE RECAMBIO ORIGINALES<\/h3>\n<div class=\"siteorigin-widget-tinymce textwidget\">\n\t<p><\/p>We understand that protecting your original investment and minimizing downtime is key to you. That is why we have left no stone unturned when it has come to supplying our customers with HERACLES\u2019 wheel loaders genuine parts in the shortest possible time.\n<p>Con el Plan de garant\u00eda integral de 24 meses de HERACLES, todas las piezas de repuesto se le entregan por v\u00eda a\u00e9rea urgente en 24 horas sin coste alguno. \u00a1Puede contactarnos por correo electr\u00f3nico o por tel\u00e9fono las 24 horas del d\u00eda, los 7 d\u00edas de la semana, los 365 d\u00edas del a\u00f1o!<\/p>\n<p>HERACLES also supplies its dealers with a stock of HERACLES genuine parts so that these can be on the workshops shelf ready for customers, keeping downtime to a bare minimum. Learn how to become a <a href=\"https:\/\/www.heraclesloaders.com\/es\/heracles\/\">convertirse en un concesionario de cargadores de ruedas Heracles<\/a>.<\/p>\n<h6>PIEZAS Y MANTENIMIENTO<\/h6>\n<p>At HERACLES we are proud of providing unmatched:<br>\n<strong>Servicio<\/strong> - nuestro amable equipo de t\u00e9cnicos le ayudar\u00e1 a localizar cualquier problema que pueda tener su m\u00e1quina y le proporcionar\u00e1 de inmediato las piezas que pueda necesitar.<br>\n<strong>Rapidez<\/strong> - todas las piezas se env\u00edan por transporte a\u00e9reo urgente en un plazo de 24 horas.<br>\n<strong>Calidad<\/strong> - Genuine HERACLES parts undergo strict quality tests to ensure that they are built to last.<\/p>\n<p><strong>**The information contained in the HERACLES Parts &amp; Technical Manual are property of HERACLES (Heracles Qingdao Construction Machinery,.Ltd). Any documents shown, or parts of them, must not be duplicated or copied without HERACLES' explicit consent.<\/strong><\/p>\n<\/div>\n<\/div><\/div><\/div><\/div><div id=\"pgc-2211-0-1\" class=\"panel-grid-cell\"><div id=\"panel-2211-0-1-0\" class=\"so-panel widget widget_sow-editor panel-first-child panel-last-child\" data-index=\"1\"><div style=\"text-align: left;\" data-title-color=\"#443f3f\" data-headings-color=\"#443f3f\" class=\"panel-widget-style panel-widget-style-for-2211-0-1-0\"><div class=\"so-widget-sow-editor so-widget-sow-editor-base\">\n<div class=\"siteorigin-widget-tinymce textwidget\">\n\t<p><\/p>\u00a0\n<h6>PIEZAS Y MANUAL T\u00c9CNICO<\/h6>\n<p>Descargar:<\/p>\n<p><strong>ENGLISH<\/strong><br>\n<a href=\"http:\/\/www.heraclesloaders.com\/es\/heracles-h580-wheel-loader\/\"><u>H580 Wheel Loader - Parts &amp; Technical Manual<\/u><\/a><br>\n<a href=\"http:\/\/www.heraclesloaders.com\/es\/h580t-telescopic-loader\/\"><u>H580T Wheel Loader - Parts &amp; Technical Manual<\/u><\/a><\/p>\n<p><strong>ESPA\u00d1OL<\/strong><br>\n<a href=\"http:\/\/www.heraclesloaders.com\/es\/heracles-h580-wheel-loader\/\"><u>H580 Wheel Loader - Manual T\u00e9cnico y Piezas<\/u><\/a><br>\n<u>H580T Wheel Loader - Manual T\u00e9cnico y Piezas<\/u><\/p>\n<p><strong>FRAN\u00c7AIS<\/strong><br>\n<u>Chargeur H580 - Manuel technique et pi\u00e8ces<\/u><br>\n<u>Chargeur t\u00e9lescopique H580T - Manuel technique et pi\u00e8ces<\/u><br>\n<\/p>\n<\/div>\n<\/div><\/div><\/div><\/div><\/div><\/div><div id=\"pg-2211-1\" class=\"panel-grid panel-has-style\"><div class=\"siteorigin-panels-stretch panel-row-style panel-row-style-for-2211-1\" style=\"padding: 20px 0; \" data-stretch-type=\"full\" data-overlay=\"true\" data-overlay-color=\"#000000\"><div id=\"pgc-2211-1-0\" class=\"panel-grid-cell\"><div id=\"panel-2211-1-0-0\" class=\"so-panel widget widget_sydney_action sydney_action_widget panel-first-child panel-last-child\" data-index=\"2\"><div style=\"text-align: left;\" data-title-color=\"#000000\" data-headings-color=\"#000000\" class=\"panel-widget-style panel-widget-style-for-2211-1-0-0\">        <div class=\"roll-promobox aside-style\">\r\n\t\t\t<div class=\"promo-wrap\">\r\n\t\t\t\t\t\t\t\t<div class=\"promo-content\">\r\n\t\t\t\t\t<h3 class=\"title\">Click Here To See HERACLES H580 and H580T Loaders &gt;&gt;&gt;<\/h3>\r\n\t\t\t\t<\/div>\r\n\t\t\t\t\t\t\t\t<div class=\"promo-controls\">\r\n\t\t\t\t\t<a href=\"\" class=\"roll-button border\">HAGA CLIC AQU\u00cd<\/a>\r\n\t\t\t\t<\/div>\r\n\t\t\t<\/div>\r\n        <\/div>\r\n\t<\/div><\/div><\/div><\/div><\/div><div id=\"pg-2211-2\" class=\"panel-grid panel-has-style\"><div class=\"siteorigin-panels-stretch panel-row-style panel-row-style-for-2211-2\" style=\"padding: 10px 0; \" data-stretch-type=\"full\" data-overlay=\"true\" data-overlay-color=\"#000000\"><div id=\"pgc-2211-2-0\" class=\"panel-grid-cell\"><div id=\"panel-2211-2-0-0\" class=\"so-panel widget widget_sow-social-media-buttons panel-first-child\" data-index=\"3\"><div style=\"text-align: left;\" data-title-color=\"#443f3f\" data-headings-color=\"#443f3f\" class=\"panel-widget-style panel-widget-style-for-2211-2-0-0\"><div class=\"so-widget-sow-social-media-buttons so-widget-sow-social-media-buttons-atom-19e4ef907fc4-2211\">\n\n<div class=\"social-media-button-container\">\n\t\n\t\t<a class=\"ow-button-hover sow-social-media-button-facebook-0 sow-social-media-button\" title=\"HERACLES Wheel Loaders OFFICIAL SITE en Facebook\" aria-label=\"HERACLES Wheel Loaders OFFICIAL SITE en Facebook\" target=\"_blank\" rel=\"noopener noreferrer\" href=\"https:\/\/www.facebook.com\/heraclesloaders\">\n\t\t\t<span>\n\t\t\t\t\t\t\t\t<span class=\"sow-icon-fontawesome sow-fab\" data-sow-icon=\"\uf39e\" aria-hidden=\"true\"><\/span>\t\t\t\t\t\t\t<\/span>\n\t\t<\/a>\n\t\n\t\t<a class=\"ow-button-hover sow-social-media-button-youtube-0 sow-social-media-button\" title=\"HERACLES Wheel Loaders OFFICIAL SITE en Youtube\" aria-label=\"HERACLES Wheel Loaders OFFICIAL SITE en Youtube\" target=\"_blank\" rel=\"noopener noreferrer\" href=\"https:\/\/www.youtube.com\/@heraclesloaders\">\n\t\t\t<span>\n\t\t\t\t\t\t\t\t<span class=\"sow-icon-fontawesome sow-fab\" data-sow-icon=\"\uf167\" aria-hidden=\"true\"><\/span>\t\t\t\t\t\t\t<\/span>\n\t\t<\/a>\n\t<\/div>\n<\/div><\/div><\/div><div id=\"panel-2211-2-0-1\" class=\"so-panel widget widget_siteorigin-panels-builder panel-last-child\" data-index=\"4\"><div style=\"text-align: left;\" data-title-color=\"#443f3f\" data-headings-color=\"#443f3f\" class=\"panel-widget-style panel-widget-style-for-2211-2-0-1\"><div id=\"pl-w637f583ac837b\" class=\"panel-layout\"><div id=\"pg-w637f583ac837b-0\" class=\"panel-grid panel-has-style\"><div class=\"siteorigin-panels-stretch panel-row-style panel-row-style-for-w637f583ac837b-0\" style=\"padding: 0px 0; \" data-stretch-type=\"full\" data-overlay=\"true\" data-overlay-color=\"#000000\"><div id=\"pgc-w637f583ac837b-0-0\" class=\"panel-grid-cell\"><div id=\"panel-w637f583ac837b-0-0-0\" class=\"so-panel widget widget_sow-editor panel-first-child panel-last-child\" data-index=\"0\"><div style=\"text-align: left;\" data-title-color=\"#443f3f\" data-headings-color=\"#443f3f\" class=\"panel-widget-style panel-widget-style-for-w637f583ac837b-0-0-0\"><div class=\"so-widget-sow-editor so-widget-sow-editor-base\">\n<div class=\"siteorigin-widget-tinymce textwidget\">\n\t<p><\/p><span><strong>EMPRESA<\/strong><\/span>\n<p><span style=\"font-size: small;\"> En HERACLES nos esforzamos por fabricar los mejores equipos del mercado centr\u00e1ndonos en la calidad, la fiabilidad y la excelencia en el dise\u00f1o. <\/span><\/p>\n<p><span style=\"font-size: small;\"> Nuestro equipo de soporte dedicado le ayudar\u00e1 en todo momento. Estamos disponibles 24 horas al d\u00eda, 7 d\u00edas a la semana. <\/span><\/p>\n<\/div>\n<\/div><\/div><\/div><\/div><div id=\"pgc-w637f583ac837b-0-1\" class=\"panel-grid-cell\"><div id=\"panel-w637f583ac837b-0-1-0\" class=\"so-panel widget widget_sow-editor panel-first-child panel-last-child\" data-index=\"1\"><div style=\"text-align: left;\" data-title-color=\"#443f3f\" data-headings-color=\"#443f3f\" class=\"panel-widget-style panel-widget-style-for-w637f583ac837b-0-1-0\"><div class=\"so-widget-sow-editor so-widget-sow-editor-base\">\n<div class=\"siteorigin-widget-tinymce textwidget\">\n\t<p><\/p><strong>HERACLES<\/strong>\n<p><span style=\"font-size: small;\"><a href=\"http:\/\/www.heraclesloaders.com\/es\/\">P\u00e1gina Principal<\/a><\/span><\/p>\n<p><span style=\"font-size: small;\"><a href=\"http:\/\/www.heraclesloaders.com\/es\/heracles-h580-wheel-loader\/\">Cargadoras<\/a><\/span><\/p>\n<p><span style=\"font-size: small;\"><a href=\"http:\/\/www.heraclesloaders.com\/es\/h580t-telescopic-loader\/\">Cargadoras Telesc\u00f3picas<\/a><\/span><\/p>\n<p><span style=\"font-size: small;\"><a href=\"http:\/\/www.heraclesloaders.com\/es\/heracles-loader\/\">Accesorios<\/a><\/span><\/p>\n<\/div>\n<\/div><\/div><\/div><\/div><div id=\"pgc-w637f583ac837b-0-2\" class=\"panel-grid-cell\"><div id=\"panel-w637f583ac837b-0-2-0\" class=\"so-panel widget widget_sow-editor panel-first-child panel-last-child\" data-index=\"2\"><div style=\"text-align: left;\" data-title-color=\"#443f3f\" data-headings-color=\"#443f3f\" class=\"panel-widget-style panel-widget-style-for-w637f583ac837b-0-2-0\"><div class=\"so-widget-sow-editor so-widget-sow-editor-base\">\n<div class=\"siteorigin-widget-tinymce textwidget\">\n\t<p><\/p><span>\u00a0<\/span>\n<p><span style=\"font-size: small;\"><a href=\"http:\/\/www.heraclesloaders.com\/es\/heracles-wheel-loaders\/\">Contacto<\/a><\/span><\/p>\n<p><span style=\"font-size: small;\"><a href=\"http:\/\/www.heraclesloaders.com\/es\/heracles-wheel-loaders\/\">Sobre Nosotros<\/a><\/span><\/p>\n<p><span style=\"font-size: small;\"><a href=\"http:\/\/www.heraclesloaders.com\/es\/heracles-loaders\/\">Piezas<\/a><\/span><\/p>\n<p><span style=\"font-size: small;\"><a href=\"\/es\/%E2%80%9Chttp:\/\/www.heraclesloaders.com\/heracles\/%22\/\">Garant\u00eda<\/a><\/span><\/p>\n<\/div>\n<\/div><\/div><\/div><\/div><div id=\"pgc-w637f583ac837b-0-3\" class=\"panel-grid-cell panel-grid-cell-empty\"><\/div><div id=\"pgc-w637f583ac837b-0-4\" class=\"panel-grid-cell\"><div id=\"panel-w637f583ac837b-0-4-0\" class=\"so-panel widget widget_sow-editor panel-first-child panel-last-child\" data-index=\"3\"><div style=\"text-align: left;\" data-title-color=\"#443f3f\" data-headings-color=\"#443f3f\" class=\"panel-widget-style panel-widget-style-for-w637f583ac837b-0-4-0\"><div class=\"so-widget-sow-editor so-widget-sow-editor-base\">\n<div class=\"siteorigin-widget-tinymce textwidget\">\n\t<p><\/p><strong>HORARIOS<\/strong>\n<p><span style=\"font-size: small;\">Soporte T\u00e9cnico - abierto a todas horas.<\/span><\/p>\n<p><span style=\"font-size: small;\"><strong>HORARIO F\u00c1BRICA<\/strong><br>Lunes - S\u00e1bado:  9am - 5pm <br>Domingo:  9am - 2pm<\/span><\/p>\n<\/div>\n<\/div><\/div><\/div><\/div><div id=\"pgc-w637f583ac837b-0-5\" class=\"panel-grid-cell\"><div id=\"panel-w637f583ac837b-0-5-0\" class=\"so-panel widget widget_sow-editor panel-first-child panel-last-child\" data-index=\"4\"><div style=\"text-align: left;\" data-title-color=\"#443f3f\" data-headings-color=\"#443f3f\" class=\"panel-widget-style panel-widget-style-for-w637f583ac837b-0-5-0\"><div class=\"so-widget-sow-editor so-widget-sow-editor-base\">\n<div class=\"siteorigin-widget-tinymce textwidget\">\n\t<p><\/p><strong>F\u00c1BRICA<\/strong>\n<p><span style=\"font-size: small;\"><strong>DIRECCI\u00d3N<\/strong><br>Qingdao Heracles Machinery Manufacturing<br> Zona Industrial D<br>Qingdao - Shandong<br>CHINA<br>TEL\u00c9FONO: +86 1-347-858-5715<\/span><\/p>\n<\/div>\n<\/div><\/div><\/div><\/div><\/div><\/div><\/div><\/div><\/div><\/div><\/div><\/div><\/div><\/body>","protected":false},"excerpt":{"rendered":"<p>We understand that protecting your original investment and minimizing downtime is key to you. That is why we have left no stone unturned when it has come to supplying our customers with HERACLES\u2019 wheel loaders genuine parts in the shortest possible time. With HERACLES&#8217; Comprehensive 24 Months Warranty Plan, all spare parts are delivered to you by express air delivery with 24 hours at no cost. You can contact us via email or phone 24 hours a day, 7 days a week, 365 days a year! HERACLES also supplies its dealers with a stock of [&hellip;]<\/p>\n","protected":false},"author":1,"featured_media":0,"parent":0,"menu_order":0,"comment_status":"closed","ping_status":"closed","template":"page-templates\/page_front-page.php","meta":{"om_disable_all_campaigns":false,"_monsterinsights_skip_tracking":false,"_monsterinsights_sitenote_active":false,"_monsterinsights_sitenote_note":"","_monsterinsights_sitenote_category":0,"footnotes":""},"class_list":["post-2211","page","type-page","status-publish","hentry"],"yoast_head":"<!-- This site is optimized with the Yoast SEO plugin v27.4 - https:\/\/yoast.com\/product\/yoast-seo-wordpress\/ -->\n<title>Heracles Loaders - HERACLES Wheel Loaders OFFICIAL SITE<\/title>\n<meta name=\"robots\" content=\"index, follow, max-snippet:-1, max-image-preview:large, max-video-preview:-1\" \/>\n<link rel=\"canonical\" href=\"https:\/\/www.heraclesloaders.com\/es\/heracles-loaders\/\" \/>\n<meta property=\"og:locale\" content=\"es_ES\" \/>\n<meta property=\"og:type\" content=\"article\" \/>\n<meta property=\"og:title\" content=\"Heracles Loaders - HERACLES Wheel Loaders OFFICIAL SITE\" \/>\n<meta property=\"og:description\" content=\"We understand that protecting your original investment and minimizing downtime is key to you. That is why we have left no stone unturned when it has come to supplying our customers with HERACLES\u2019 wheel loaders genuine parts in the shortest possible time. With HERACLES&#039; Comprehensive 24 Months Warranty Plan, all spare parts are delivered to you by express air delivery with 24 hours at no cost. You can contact us via email or phone 24 hours a day, 7 days a week, 365 days a year! HERACLES also supplies its dealers with a stock of [&hellip;]\" \/>\n<meta property=\"og:url\" content=\"https:\/\/www.heraclesloaders.com\/es\/heracles-loaders\/\" \/>\n<meta property=\"og:site_name\" content=\"HERACLES Wheel Loaders OFFICIAL SITE\" \/>\n<meta property=\"article:modified_time\" content=\"2023-10-27T13:24:34+00:00\" \/>\n<meta name=\"twitter:card\" content=\"summary_large_image\" \/>\n<meta name=\"twitter:label1\" content=\"Tiempo de lectura\" \/>\n\t<meta name=\"twitter:data1\" content=\"2 minutos\" \/>\n<script type=\"application\/ld+json\" class=\"yoast-schema-graph\">{\"@context\":\"https:\\\/\\\/schema.org\",\"@graph\":[{\"@type\":\"WebPage\",\"@id\":\"https:\\\/\\\/www.heraclesloaders.com\\\/en_us\\\/heracles-loaders\\\/\",\"url\":\"https:\\\/\\\/www.heraclesloaders.com\\\/en_us\\\/heracles-loaders\\\/\",\"name\":\"Heracles Loaders - HERACLES Wheel Loaders OFFICIAL SITE\",\"isPartOf\":{\"@id\":\"https:\\\/\\\/www.heraclesloaders.com\\\/en_us\\\/#website\"},\"datePublished\":\"2017-12-16T09:21:18+00:00\",\"dateModified\":\"2023-10-27T13:24:34+00:00\",\"breadcrumb\":{\"@id\":\"https:\\\/\\\/www.heraclesloaders.com\\\/en_us\\\/heracles-loaders\\\/#breadcrumb\"},\"inLanguage\":\"es\",\"potentialAction\":[{\"@type\":\"ReadAction\",\"target\":[\"https:\\\/\\\/www.heraclesloaders.com\\\/en_us\\\/heracles-loaders\\\/\"]}]},{\"@type\":\"BreadcrumbList\",\"@id\":\"https:\\\/\\\/www.heraclesloaders.com\\\/en_us\\\/heracles-loaders\\\/#breadcrumb\",\"itemListElement\":[{\"@type\":\"ListItem\",\"position\":1,\"name\":\"Home\",\"item\":\"https:\\\/\\\/www.heraclesloaders.com\\\/en_us\\\/\"},{\"@type\":\"ListItem\",\"position\":2,\"name\":\"Heracles Loaders\"}]},{\"@type\":\"WebSite\",\"@id\":\"https:\\\/\\\/www.heraclesloaders.com\\\/en_us\\\/#website\",\"url\":\"https:\\\/\\\/www.heraclesloaders.com\\\/en_us\\\/\",\"name\":\"HERACLES Wheel Loaders OFFICIAL SITE\",\"description\":\"HERACLES Loaders and Excavators\",\"potentialAction\":[{\"@type\":\"SearchAction\",\"target\":{\"@type\":\"EntryPoint\",\"urlTemplate\":\"https:\\\/\\\/www.heraclesloaders.com\\\/en_us\\\/?s={search_term_string}\"},\"query-input\":{\"@type\":\"PropertyValueSpecification\",\"valueRequired\":true,\"valueName\":\"search_term_string\"}}],\"inLanguage\":\"es\"}]}<\/script>\n<!-- \/ Yoast SEO plugin. -->","yoast_head_json":{"title":"Heracles Loaders - HERACLES Wheel Loaders OFFICIAL SITE","robots":{"index":"index","follow":"follow","max-snippet":"max-snippet:-1","max-image-preview":"max-image-preview:large","max-video-preview":"max-video-preview:-1"},"canonical":"https:\/\/www.heraclesloaders.com\/es\/heracles-loaders\/","og_locale":"es_ES","og_type":"article","og_title":"Heracles Loaders - HERACLES Wheel Loaders OFFICIAL SITE","og_description":"We understand that protecting your original investment and minimizing downtime is key to you. That is why we have left no stone unturned when it has come to supplying our customers with HERACLES\u2019 wheel loaders genuine parts in the shortest possible time. With HERACLES' Comprehensive 24 Months Warranty Plan, all spare parts are delivered to you by express air delivery with 24 hours at no cost. You can contact us via email or phone 24 hours a day, 7 days a week, 365 days a year! HERACLES also supplies its dealers with a stock of [&hellip;]","og_url":"https:\/\/www.heraclesloaders.com\/es\/heracles-loaders\/","og_site_name":"HERACLES Wheel Loaders OFFICIAL SITE","article_modified_time":"2023-10-27T13:24:34+00:00","twitter_card":"summary_large_image","twitter_misc":{"Tiempo de lectura":"2 minutos"},"schema":{"@context":"https:\/\/schema.org","@graph":[{"@type":"WebPage","@id":"https:\/\/www.heraclesloaders.com\/en_us\/heracles-loaders\/","url":"https:\/\/www.heraclesloaders.com\/en_us\/heracles-loaders\/","name":"Heracles Loaders - HERACLES Wheel Loaders OFFICIAL SITE","isPartOf":{"@id":"https:\/\/www.heraclesloaders.com\/en_us\/#website"},"datePublished":"2017-12-16T09:21:18+00:00","dateModified":"2023-10-27T13:24:34+00:00","breadcrumb":{"@id":"https:\/\/www.heraclesloaders.com\/en_us\/heracles-loaders\/#breadcrumb"},"inLanguage":"es","potentialAction":[{"@type":"ReadAction","target":["https:\/\/www.heraclesloaders.com\/en_us\/heracles-loaders\/"]}]},{"@type":"BreadcrumbList","@id":"https:\/\/www.heraclesloaders.com\/en_us\/heracles-loaders\/#breadcrumb","itemListElement":[{"@type":"ListItem","position":1,"name":"Home","item":"https:\/\/www.heraclesloaders.com\/en_us\/"},{"@type":"ListItem","position":2,"name":"Heracles Loaders"}]},{"@type":"WebSite","@id":"https:\/\/www.heraclesloaders.com\/en_us\/#website","url":"https:\/\/www.heraclesloaders.com\/en_us\/","name":"P\u00c1GINA OFICIAL HERACLES","description":"HERACLES Loaders and Excavators","potentialAction":[{"@type":"SearchAction","target":{"@type":"EntryPoint","urlTemplate":"https:\/\/www.heraclesloaders.com\/en_us\/?s={search_term_string}"},"query-input":{"@type":"PropertyValueSpecification","valueRequired":true,"valueName":"search_term_string"}}],"inLanguage":"es"}]}},"jetpack_sharing_enabled":true,"_links":{"self":[{"href":"https:\/\/www.heraclesloaders.com\/es\/wp-json\/wp\/v2\/pages\/2211","targetHints":{"allow":["GET"]}}],"collection":[{"href":"https:\/\/www.heraclesloaders.com\/es\/wp-json\/wp\/v2\/pages"}],"about":[{"href":"https:\/\/www.heraclesloaders.com\/es\/wp-json\/wp\/v2\/types\/page"}],"author":[{"embeddable":true,"href":"https:\/\/www.heraclesloaders.com\/es\/wp-json\/wp\/v2\/users\/1"}],"replies":[{"embeddable":true,"href":"https:\/\/www.heraclesloaders.com\/es\/wp-json\/wp\/v2\/comments?post=2211"}],"version-history":[{"count":38,"href":"https:\/\/www.heraclesloaders.com\/es\/wp-json\/wp\/v2\/pages\/2211\/revisions"}],"predecessor-version":[{"id":3440,"href":"https:\/\/www.heraclesloaders.com\/es\/wp-json\/wp\/v2\/pages\/2211\/revisions\/3440"}],"wp:attachment":[{"href":"https:\/\/www.heraclesloaders.com\/es\/wp-json\/wp\/v2\/media?parent=2211"}],"curies":[{"name":"wp","href":"https:\/\/api.w.org\/{rel}","templated":true}]}}