{"id":3291,"date":"2023-08-30T22:40:56","date_gmt":"2023-08-30T22:40:56","guid":{"rendered":"https:\/\/www.heraclesloaders.com\/?page_id=3291"},"modified":"2025-03-08T14:09:23","modified_gmt":"2025-03-08T14:09:23","slug":"h280-videos","status":"publish","type":"page","link":"https:\/\/www.heraclesloaders.com\/es\/h280-videos\/","title":{"rendered":"H280 WHEEL LOADER"},"content":{"rendered":"<body><div id=\"pl-3291\" class=\"panel-layout\"><div id=\"pg-3291-0\" class=\"panel-grid panel-has-style\"><div style=\"padding: 100px 0; \" data-overlay=\"true\" data-overlay-color=\"#000000\" class=\"panel-row-style panel-row-style-for-3291-0\"><div id=\"pgc-3291-0-0\" class=\"panel-grid-cell\"><div id=\"panel-3291-0-0-0\" class=\"so-panel widget widget_sydney_video_widget sydney_video_widget_widget panel-first-child\" data-index=\"0\"><div style=\"text-align: left;\" data-title-color=\"#443f3f\" data-headings-color=\"#443f3f\" class=\"panel-widget-style panel-widget-style-for-3291-0-0-0\"><h3 class=\"widget-title\">H260<\/h3><div class=\"sydney-video vid-normal\"><div class=\"video-overlay\"><div class=\"sydney-video-inner\"><span class=\"close-popup\"><i class=\"fa fa-times\"><\/i><\/span><iframe loading=\"lazy\" title=\"Heracles H260 - Wheel Loader in the Sand\" width=\"1170\" height=\"658\" src=\"https:\/\/www.youtube.com\/embed\/Un8N43d2zpk?feature=oembed\" frameborder=\"0\" allow=\"accelerometer; autoplay; clipboard-write; encrypted-media; gyroscope; picture-in-picture; web-share\" referrerpolicy=\"strict-origin-when-cross-origin\" allowfullscreen><\/iframe><\/div><\/div><div class=\"video-text\">H260 Rubble<\/div><a href=\"#\" class=\"toggle-popup\"><i class=\"fa fa-play\"><\/i><\/a><\/div><\/div><\/div><div id=\"panel-3291-0-0-1\" class=\"so-panel widget widget_sydney_video_widget sydney_video_widget_widget panel-last-child\" data-index=\"1\"><div style=\"text-align: left;\" data-title-color=\"#443f3f\" data-headings-color=\"#443f3f\" class=\"panel-widget-style panel-widget-style-for-3291-0-0-1\"><h3 class=\"widget-title\">H260<\/h3><div class=\"sydney-video vid-normal\"><div class=\"video-overlay\"><div class=\"sydney-video-inner\"><span class=\"close-popup\"><i class=\"fa fa-times\"><\/i><\/span><iframe loading=\"lazy\" title=\"Heracles H260\" width=\"1170\" height=\"658\" src=\"https:\/\/www.youtube.com\/embed\/OAKamvD_Eog?feature=oembed\" frameborder=\"0\" allow=\"accelerometer; autoplay; clipboard-write; encrypted-media; gyroscope; picture-in-picture; web-share\" referrerpolicy=\"strict-origin-when-cross-origin\" allowfullscreen><\/iframe><\/div><\/div><div class=\"video-text\">H260 Sand Demo<\/div><a href=\"#\" class=\"toggle-popup\"><i class=\"fa fa-play\"><\/i><\/a><\/div><\/div><\/div><\/div><div id=\"pgc-3291-0-1\" class=\"panel-grid-cell\"><div id=\"panel-3291-0-1-0\" class=\"so-panel widget widget_sydney_video_widget sydney_video_widget_widget panel-first-child\" data-index=\"2\"><div style=\"text-align: left;\" data-title-color=\"#443f3f\" data-headings-color=\"#443f3f\" class=\"panel-widget-style panel-widget-style-for-3291-0-1-0\"><h3 class=\"widget-title\">H260<\/h3><div class=\"sydney-video vid-normal\"><div class=\"video-overlay\"><div class=\"sydney-video-inner\"><span class=\"close-popup\"><i class=\"fa fa-times\"><\/i><\/span><iframe loading=\"lazy\" title=\"Heracles 180 Compact Loader - Cheap Chinese Mini-loader operating in the Snow\" width=\"1170\" height=\"658\" src=\"https:\/\/www.youtube.com\/embed\/C0f0SkhLsJs?feature=oembed\" frameborder=\"0\" allow=\"accelerometer; autoplay; clipboard-write; encrypted-media; gyroscope; picture-in-picture; web-share\" referrerpolicy=\"strict-origin-when-cross-origin\" allowfullscreen><\/iframe><\/div><\/div><div class=\"video-text\">H260 in the Snow<\/div><a href=\"#\" class=\"toggle-popup\"><i class=\"fa fa-play\"><\/i><\/a><\/div><\/div><\/div><div id=\"panel-3291-0-1-1\" class=\"so-panel widget widget_sydney_video_widget sydney_video_widget_widget panel-last-child\" data-index=\"3\"><div style=\"text-align: left;\" data-title-color=\"#443f3f\" data-headings-color=\"#443f3f\" class=\"panel-widget-style panel-widget-style-for-3291-0-1-1\"><h3 class=\"widget-title\">ACCESORIO H260<\/h3><div class=\"sydney-video vid-normal\"><div class=\"video-overlay\"><div class=\"sydney-video-inner\"><span class=\"close-popup\"><i class=\"fa fa-times\"><\/i><\/span><iframe loading=\"lazy\" title=\"Heracles H260 Wheel Loader - Attachment Demonstration\" width=\"1170\" height=\"658\" src=\"https:\/\/www.youtube.com\/embed\/HX7YRRdbavQ?feature=oembed\" frameborder=\"0\" allow=\"accelerometer; autoplay; clipboard-write; encrypted-media; gyroscope; picture-in-picture; web-share\" referrerpolicy=\"strict-origin-when-cross-origin\" allowfullscreen><\/iframe><\/div><\/div><div class=\"video-text\"><\/div><a href=\"#\" class=\"toggle-popup\"><i class=\"fa fa-play\"><\/i><\/a><\/div><\/div><\/div><\/div><\/div><\/div><div id=\"pg-3291-1\" class=\"panel-grid panel-has-style\"><div class=\"siteorigin-panels-stretch panel-row-style panel-row-style-for-3291-1\" style=\"padding: 20px 0; \" data-stretch-type=\"full\" data-overlay=\"true\" data-overlay-color=\"#000000\"><div id=\"pgc-3291-1-0\" class=\"panel-grid-cell\"><div id=\"panel-3291-1-0-0\" class=\"so-panel widget widget_sydney_action sydney_action_widget panel-first-child panel-last-child\" data-index=\"4\"><div style=\"text-align: left;\" data-title-color=\"#000000\" data-headings-color=\"#000000\" class=\"panel-widget-style panel-widget-style-for-3291-1-0-0\">        <div class=\"roll-promobox aside-style\">\r\n\t\t\t<div class=\"promo-wrap\">\r\n\t\t\t\t\t\t\t\t<div class=\"promo-content\">\r\n\t\t\t\t\t<h3 class=\"title\"><a href=\"https:\/\/www.heraclesloaders.com\/es\/heracles-wheel-loaders\/\">Cont\u00e1ctenos para una Cotizaci\u00f3n Gratuita<\/a><\/h3>\r\n\t\t\t\t<\/div>\r\n\t\t\t\t\t\t\t\t<div class=\"promo-controls\">\r\n\t\t\t\t\t<a href=\"\" class=\"roll-button border\"><\/a>\r\n\t\t\t\t<\/div>\r\n\t\t\t<\/div>\r\n        <\/div>\r\n\t<\/div><\/div><\/div><\/div><\/div><div id=\"pg-3291-2\" class=\"panel-grid panel-has-style\"><div class=\"siteorigin-panels-stretch panel-row-style panel-row-style-for-3291-2\" style=\"padding: 10px 0; \" data-stretch-type=\"full\" data-overlay=\"true\" data-overlay-color=\"#000000\"><div id=\"pgc-3291-2-0\" class=\"panel-grid-cell\"><div id=\"panel-3291-2-0-0\" class=\"so-panel widget widget_sow-social-media-buttons panel-first-child\" data-index=\"5\"><div style=\"text-align: left;\" data-title-color=\"#443f3f\" data-headings-color=\"#443f3f\" class=\"panel-widget-style panel-widget-style-for-3291-2-0-0\"><div class=\"so-widget-sow-social-media-buttons so-widget-sow-social-media-buttons-atom-19e4ef907fc4-3291\">\n\n<div class=\"social-media-button-container\">\n\t\n\t\t<a class=\"ow-button-hover sow-social-media-button-facebook-0 sow-social-media-button\" title=\"HERACLES Wheel Loaders OFFICIAL SITE en Facebook\" aria-label=\"HERACLES Wheel Loaders OFFICIAL SITE en Facebook\" target=\"_blank\" rel=\"noopener noreferrer\" href=\"https:\/\/www.facebook.com\/heraclesloaders\">\n\t\t\t<span>\n\t\t\t\t\t\t\t\t<span class=\"sow-icon-fontawesome sow-fab\" data-sow-icon=\"\uf39e\" aria-hidden=\"true\"><\/span>\t\t\t\t\t\t\t<\/span>\n\t\t<\/a>\n\t\n\t\t<a class=\"ow-button-hover sow-social-media-button-youtube-0 sow-social-media-button\" title=\"HERACLES Wheel Loaders OFFICIAL SITE en Youtube\" aria-label=\"HERACLES Wheel Loaders OFFICIAL SITE en Youtube\" target=\"_blank\" rel=\"noopener noreferrer\" href=\"https:\/\/www.youtube.com\/@heraclesloaders\">\n\t\t\t<span>\n\t\t\t\t\t\t\t\t<span class=\"sow-icon-fontawesome sow-fab\" data-sow-icon=\"\uf167\" aria-hidden=\"true\"><\/span>\t\t\t\t\t\t\t<\/span>\n\t\t<\/a>\n\t<\/div>\n<\/div><\/div><\/div><div id=\"panel-3291-2-0-1\" class=\"so-panel widget widget_siteorigin-panels-builder panel-last-child\" data-index=\"6\"><div style=\"text-align: left;\" data-title-color=\"#443f3f\" data-headings-color=\"#443f3f\" class=\"panel-widget-style panel-widget-style-for-3291-2-0-1\"><div id=\"pl-w5a59bf7037921\" class=\"panel-layout\"><div id=\"pg-w5a59bf7037921-0\" class=\"panel-grid panel-has-style\"><div class=\"siteorigin-panels-stretch panel-row-style panel-row-style-for-w5a59bf7037921-0\" style=\"padding: 0px 0; \" data-stretch-type=\"full\" data-overlay=\"true\" data-overlay-color=\"#000000\"><div id=\"pgc-w5a59bf7037921-0-0\" class=\"panel-grid-cell\"><div id=\"panel-w5a59bf7037921-0-0-0\" class=\"so-panel widget widget_sow-editor panel-first-child panel-last-child\" data-index=\"0\"><div style=\"text-align: left;\" data-title-color=\"#443f3f\" data-headings-color=\"#443f3f\" class=\"panel-widget-style panel-widget-style-for-w5a59bf7037921-0-0-0\"><div class=\"so-widget-sow-editor so-widget-sow-editor-base\">\n<div class=\"siteorigin-widget-tinymce textwidget\">\n\t<p><\/p><span><strong>EMPRESA<\/strong><\/span>\n<p><span style=\"font-size: small;\"> En HERACLES nos esforzamos por fabricar los mejores equipos del mercado centr\u00e1ndonos en la calidad, la fiabilidad y la excelencia en el dise\u00f1o. <\/span><\/p>\n<p><span style=\"font-size: small;\"> Nuestro equipo de soporte dedicado le ayudar\u00e1 en todo momento. Estamos disponibles 24 horas al d\u00eda, 7 d\u00edas a la semana. <\/span><\/p>\n<\/div>\n<\/div><\/div><\/div><\/div><div id=\"pgc-w5a59bf7037921-0-1\" class=\"panel-grid-cell\"><div id=\"panel-w5a59bf7037921-0-1-0\" class=\"so-panel widget widget_sow-editor panel-first-child panel-last-child\" data-index=\"1\"><div style=\"text-align: left;\" data-title-color=\"#443f3f\" data-headings-color=\"#443f3f\" class=\"panel-widget-style panel-widget-style-for-w5a59bf7037921-0-1-0\"><div class=\"so-widget-sow-editor so-widget-sow-editor-base\">\n<div class=\"siteorigin-widget-tinymce textwidget\">\n\t<p><\/p><strong>HERACLES<\/strong>\n<p><span style=\"font-size: small;\"><a href=\"http:\/\/www.heraclesloaders.com\/es\/\">P\u00e1gina Principal<\/a><\/span><\/p>\n<p><span style=\"font-size: small;\"><a href=\"http:\/\/www.heraclesloaders.com\/es\/heracles-h580-wheel-loader\/\">Cargadoras<\/a><\/span><\/p>\n<p><span style=\"font-size: small;\"><a href=\"http:\/\/www.heraclesloaders.com\/es\/h580t-telescopic-loader\/\">Cargadoras Telesc\u00f3picas<\/a><\/span><\/p>\n<p><span style=\"font-size: small;\"><a href=\"http:\/\/www.heraclesloaders.com\/es\/heracles-loader\/\">Accesorios<\/a><\/span><\/p>\n<\/div>\n<\/div><\/div><\/div><\/div><div id=\"pgc-w5a59bf7037921-0-2\" class=\"panel-grid-cell\"><div id=\"panel-w5a59bf7037921-0-2-0\" class=\"so-panel widget widget_sow-editor panel-first-child panel-last-child\" data-index=\"2\"><div style=\"text-align: left;\" data-title-color=\"#443f3f\" data-headings-color=\"#443f3f\" class=\"panel-widget-style panel-widget-style-for-w5a59bf7037921-0-2-0\"><div class=\"so-widget-sow-editor so-widget-sow-editor-base\">\n<div class=\"siteorigin-widget-tinymce textwidget\">\n\t<p><\/p><span>\u00a0<\/span>\n<p><span style=\"font-size: small;\"><a href=\"http:\/\/www.heraclesloaders.com\/es\/heracles-wheel-loaders\/\">Contacto<\/a><\/span><\/p>\n<p><span style=\"font-size: small;\"><a href=\"http:\/\/www.heraclesloaders.com\/es\/heracles-wheel-loaders\/\">Sobre Nosotros<\/a><\/span><\/p>\n<p><span style=\"font-size: small;\"><a href=\"http:\/\/www.heraclesloaders.com\/es\/heracles-loaders\/\">Piezas<\/a><\/span><\/p>\n<p><span style=\"font-size: small;\"><a href=\"\/es\/%E2%80%9Chttp:\/\/www.heraclesloaders.com\/heracles\/%22\/\">Garant\u00eda<\/a><\/span><\/p>\n<\/div>\n<\/div><\/div><\/div><\/div><div id=\"pgc-w5a59bf7037921-0-3\" class=\"panel-grid-cell panel-grid-cell-empty\"><\/div><div id=\"pgc-w5a59bf7037921-0-4\" class=\"panel-grid-cell\"><div id=\"panel-w5a59bf7037921-0-4-0\" class=\"so-panel widget widget_sow-editor panel-first-child panel-last-child\" data-index=\"3\"><div style=\"text-align: left;\" data-title-color=\"#443f3f\" data-headings-color=\"#443f3f\" class=\"panel-widget-style panel-widget-style-for-w5a59bf7037921-0-4-0\"><div class=\"so-widget-sow-editor so-widget-sow-editor-base\">\n<div class=\"siteorigin-widget-tinymce textwidget\">\n\t<p><\/p><strong>HORARIOS<\/strong>\n<p><span style=\"font-size: small;\">Soporte T\u00e9cnico - abierto a todas horas.<\/span><\/p>\n<p><span style=\"font-size: small;\"><strong>HORARIO F\u00c1BRICA<\/strong><br>Lunes - S\u00e1bado:  9am - 5pm <br>Domingo:  9am - 2pm<\/span><\/p>\n<\/div>\n<\/div><\/div><\/div><\/div><div id=\"pgc-w5a59bf7037921-0-5\" class=\"panel-grid-cell\"><div id=\"panel-w5a59bf7037921-0-5-0\" class=\"so-panel widget widget_sow-editor panel-first-child panel-last-child\" data-index=\"4\"><div style=\"text-align: left;\" data-title-color=\"#443f3f\" data-headings-color=\"#443f3f\" class=\"panel-widget-style panel-widget-style-for-w5a59bf7037921-0-5-0\"><div class=\"so-widget-sow-editor so-widget-sow-editor-base\">\n<div class=\"siteorigin-widget-tinymce textwidget\">\n\t<p><\/p><strong>F\u00c1BRICA<\/strong>\n<p><span style=\"font-size: small;\"><strong>DIRECCI\u00d3N<\/strong><br>Qingdao Heracles Machinery Manufacturing<br> Zona Industrial D<br>Qingdao - Shandong<br>CHINA<br>TEL\u00c9FONO: +86 1-347-858-5715<\/span><\/p>\n<\/div>\n<\/div><\/div><\/div><\/div><\/div><\/div><\/div><\/div><\/div><\/div><\/div><\/div><\/div><\/body>","protected":false},"excerpt":{"rendered":"<p>H260H260 RubbleH260H260 Sand DemoH260H260 in the SnowH260 Attachment Contact Us for a Free Quote ABOUT COMPANY At HERACLES Wheel Loaders &amp; Construction Equipment we strive to make the best equipment in the market by focusing on quality, reliability and excellence in design. Our dedicated Support Team will help you all the way. We are here for you 24\/7. COMPANY Home Loaders Telescopic Attachments \u00a0 Contact Us About Us Parts Warranty BUSINESS HOURS Our Support Team is available to help you 24 hours a day, seven days a week. FACTORY HOURSMonday &#8211; Saturday: \u00a09am &#8211; 5pm [&hellip;]<\/p>\n","protected":false},"author":1,"featured_media":0,"parent":0,"menu_order":0,"comment_status":"closed","ping_status":"closed","template":"page-templates\/page_front-page.php","meta":{"om_disable_all_campaigns":false,"_monsterinsights_skip_tracking":false,"_monsterinsights_sitenote_active":false,"_monsterinsights_sitenote_note":"","_monsterinsights_sitenote_category":0,"footnotes":""},"class_list":["post-3291","page","type-page","status-publish","hentry"],"yoast_head":"<!-- This site is optimized with the Yoast SEO plugin v27.4 - https:\/\/yoast.com\/product\/yoast-seo-wordpress\/ -->\n<title>H280 WHEEL LOADER - HERACLES Wheel Loaders OFFICIAL SITE<\/title>\n<meta name=\"robots\" content=\"index, follow, max-snippet:-1, max-image-preview:large, max-video-preview:-1\" \/>\n<link rel=\"canonical\" href=\"https:\/\/www.heraclesloaders.com\/es\/h280-videos\/\" \/>\n<meta property=\"og:locale\" content=\"es_ES\" \/>\n<meta property=\"og:type\" content=\"article\" \/>\n<meta property=\"og:title\" content=\"H280 WHEEL LOADER - HERACLES Wheel Loaders OFFICIAL SITE\" \/>\n<meta property=\"og:description\" content=\"H260H260 RubbleH260H260 Sand DemoH260H260 in the SnowH260 Attachment Contact Us for a Free Quote ABOUT COMPANY At HERACLES Wheel Loaders &amp; Construction Equipment we strive to make the best equipment in the market by focusing on quality, reliability and excellence in design. Our dedicated Support Team will help you all the way. We are here for you 24\/7. COMPANY Home Loaders Telescopic Attachments \u00a0 Contact Us About Us Parts Warranty BUSINESS HOURS Our Support Team is available to help you 24 hours a day, seven days a week. FACTORY HOURSMonday - Saturday: \u00a09am - 5pm [&hellip;]\" \/>\n<meta property=\"og:url\" content=\"https:\/\/www.heraclesloaders.com\/es\/h280-videos\/\" \/>\n<meta property=\"og:site_name\" content=\"HERACLES Wheel Loaders OFFICIAL SITE\" \/>\n<meta property=\"article:modified_time\" content=\"2025-03-08T14:09:23+00:00\" \/>\n<meta name=\"twitter:card\" content=\"summary_large_image\" \/>\n<meta name=\"twitter:label1\" content=\"Tiempo de lectura\" \/>\n\t<meta name=\"twitter:data1\" content=\"1 minuto\" \/>\n<script type=\"application\/ld+json\" class=\"yoast-schema-graph\">{\"@context\":\"https:\\\/\\\/schema.org\",\"@graph\":[{\"@type\":\"WebPage\",\"@id\":\"https:\\\/\\\/www.heraclesloaders.com\\\/en_us\\\/h280-videos\\\/\",\"url\":\"https:\\\/\\\/www.heraclesloaders.com\\\/en_us\\\/h280-videos\\\/\",\"name\":\"H280 WHEEL LOADER - HERACLES Wheel Loaders OFFICIAL SITE\",\"isPartOf\":{\"@id\":\"https:\\\/\\\/www.heraclesloaders.com\\\/en_us\\\/#website\"},\"datePublished\":\"2023-08-30T22:40:56+00:00\",\"dateModified\":\"2025-03-08T14:09:23+00:00\",\"breadcrumb\":{\"@id\":\"https:\\\/\\\/www.heraclesloaders.com\\\/en_us\\\/h280-videos\\\/#breadcrumb\"},\"inLanguage\":\"es\",\"potentialAction\":[{\"@type\":\"ReadAction\",\"target\":[\"https:\\\/\\\/www.heraclesloaders.com\\\/en_us\\\/h280-videos\\\/\"]}]},{\"@type\":\"BreadcrumbList\",\"@id\":\"https:\\\/\\\/www.heraclesloaders.com\\\/en_us\\\/h280-videos\\\/#breadcrumb\",\"itemListElement\":[{\"@type\":\"ListItem\",\"position\":1,\"name\":\"Home\",\"item\":\"https:\\\/\\\/www.heraclesloaders.com\\\/en_us\\\/\"},{\"@type\":\"ListItem\",\"position\":2,\"name\":\"H280 WHEEL LOADER\"}]},{\"@type\":\"WebSite\",\"@id\":\"https:\\\/\\\/www.heraclesloaders.com\\\/en_us\\\/#website\",\"url\":\"https:\\\/\\\/www.heraclesloaders.com\\\/en_us\\\/\",\"name\":\"HERACLES Wheel Loaders OFFICIAL SITE\",\"description\":\"HERACLES Loaders and Excavators\",\"potentialAction\":[{\"@type\":\"SearchAction\",\"target\":{\"@type\":\"EntryPoint\",\"urlTemplate\":\"https:\\\/\\\/www.heraclesloaders.com\\\/en_us\\\/?s={search_term_string}\"},\"query-input\":{\"@type\":\"PropertyValueSpecification\",\"valueRequired\":true,\"valueName\":\"search_term_string\"}}],\"inLanguage\":\"es\"}]}<\/script>\n<!-- \/ Yoast SEO plugin. -->","yoast_head_json":{"title":"H280 WHEEL LOADER - HERACLES Wheel Loaders OFFICIAL SITE","robots":{"index":"index","follow":"follow","max-snippet":"max-snippet:-1","max-image-preview":"max-image-preview:large","max-video-preview":"max-video-preview:-1"},"canonical":"https:\/\/www.heraclesloaders.com\/es\/h280-videos\/","og_locale":"es_ES","og_type":"article","og_title":"H280 WHEEL LOADER - HERACLES Wheel Loaders OFFICIAL SITE","og_description":"H260H260 RubbleH260H260 Sand DemoH260H260 in the SnowH260 Attachment Contact Us for a Free Quote ABOUT COMPANY At HERACLES Wheel Loaders &amp; Construction Equipment we strive to make the best equipment in the market by focusing on quality, reliability and excellence in design. Our dedicated Support Team will help you all the way. We are here for you 24\/7. COMPANY Home Loaders Telescopic Attachments \u00a0 Contact Us About Us Parts Warranty BUSINESS HOURS Our Support Team is available to help you 24 hours a day, seven days a week. FACTORY HOURSMonday - Saturday: \u00a09am - 5pm [&hellip;]","og_url":"https:\/\/www.heraclesloaders.com\/es\/h280-videos\/","og_site_name":"HERACLES Wheel Loaders OFFICIAL SITE","article_modified_time":"2025-03-08T14:09:23+00:00","twitter_card":"summary_large_image","twitter_misc":{"Tiempo de lectura":"1 minuto"},"schema":{"@context":"https:\/\/schema.org","@graph":[{"@type":"WebPage","@id":"https:\/\/www.heraclesloaders.com\/en_us\/h280-videos\/","url":"https:\/\/www.heraclesloaders.com\/en_us\/h280-videos\/","name":"H280 WHEEL LOADER - HERACLES Wheel Loaders OFFICIAL SITE","isPartOf":{"@id":"https:\/\/www.heraclesloaders.com\/en_us\/#website"},"datePublished":"2023-08-30T22:40:56+00:00","dateModified":"2025-03-08T14:09:23+00:00","breadcrumb":{"@id":"https:\/\/www.heraclesloaders.com\/en_us\/h280-videos\/#breadcrumb"},"inLanguage":"es","potentialAction":[{"@type":"ReadAction","target":["https:\/\/www.heraclesloaders.com\/en_us\/h280-videos\/"]}]},{"@type":"BreadcrumbList","@id":"https:\/\/www.heraclesloaders.com\/en_us\/h280-videos\/#breadcrumb","itemListElement":[{"@type":"ListItem","position":1,"name":"Home","item":"https:\/\/www.heraclesloaders.com\/en_us\/"},{"@type":"ListItem","position":2,"name":"H280 WHEEL LOADER"}]},{"@type":"WebSite","@id":"https:\/\/www.heraclesloaders.com\/en_us\/#website","url":"https:\/\/www.heraclesloaders.com\/en_us\/","name":"P\u00c1GINA OFICIAL HERACLES","description":"HERACLES Loaders and Excavators","potentialAction":[{"@type":"SearchAction","target":{"@type":"EntryPoint","urlTemplate":"https:\/\/www.heraclesloaders.com\/en_us\/?s={search_term_string}"},"query-input":{"@type":"PropertyValueSpecification","valueRequired":true,"valueName":"search_term_string"}}],"inLanguage":"es"}]}},"jetpack_sharing_enabled":true,"_links":{"self":[{"href":"https:\/\/www.heraclesloaders.com\/es\/wp-json\/wp\/v2\/pages\/3291","targetHints":{"allow":["GET"]}}],"collection":[{"href":"https:\/\/www.heraclesloaders.com\/es\/wp-json\/wp\/v2\/pages"}],"about":[{"href":"https:\/\/www.heraclesloaders.com\/es\/wp-json\/wp\/v2\/types\/page"}],"author":[{"embeddable":true,"href":"https:\/\/www.heraclesloaders.com\/es\/wp-json\/wp\/v2\/users\/1"}],"replies":[{"embeddable":true,"href":"https:\/\/www.heraclesloaders.com\/es\/wp-json\/wp\/v2\/comments?post=3291"}],"version-history":[{"count":3,"href":"https:\/\/www.heraclesloaders.com\/es\/wp-json\/wp\/v2\/pages\/3291\/revisions"}],"predecessor-version":[{"id":3465,"href":"https:\/\/www.heraclesloaders.com\/es\/wp-json\/wp\/v2\/pages\/3291\/revisions\/3465"}],"wp:attachment":[{"href":"https:\/\/www.heraclesloaders.com\/es\/wp-json\/wp\/v2\/media?parent=3291"}],"curies":[{"name":"wp","href":"https:\/\/api.w.org\/{rel}","templated":true}]}}