{"id":3297,"date":"2023-08-30T22:47:19","date_gmt":"2023-08-30T22:47:19","guid":{"rendered":"https:\/\/www.heraclesloaders.com\/?page_id=3297"},"modified":"2023-08-30T22:47:19","modified_gmt":"2023-08-30T22:47:19","slug":"h580t-videos","status":"publish","type":"page","link":"https:\/\/www.heraclesloaders.com\/es\/h580t-videos\/","title":{"rendered":"CARGADORA TELEC\u00d3PICA H580T"},"content":{"rendered":"<body><div id=\"pl-3297\" class=\"panel-layout\"><div id=\"pg-3297-0\" class=\"panel-grid panel-has-style\"><div style=\"padding: 100px 0; \" data-overlay=\"true\" data-overlay-color=\"#000000\" class=\"panel-row-style panel-row-style-for-3297-0\"><div id=\"pgc-3297-0-0\" class=\"panel-grid-cell\"><div id=\"panel-3297-0-0-0\" class=\"so-panel widget widget_sydney_video_widget sydney_video_widget_widget panel-first-child panel-last-child\" data-index=\"0\"><div style=\"text-align: left;\" data-title-color=\"#443f3f\" data-headings-color=\"#443f3f\" class=\"panel-widget-style panel-widget-style-for-3297-0-0-0\"><h3 class=\"widget-title\">H580T<\/h3><div class=\"sydney-video vid-normal\"><div class=\"video-overlay\"><div class=\"sydney-video-inner\"><span class=\"close-popup\"><i class=\"fa fa-times\"><\/i><\/span><iframe loading=\"lazy\" title=\"HERACLES H580T Telescopic Wheel Loader\" width=\"1170\" height=\"658\" src=\"https:\/\/www.youtube.com\/embed\/-ltZXcO_BrI?feature=oembed\" frameborder=\"0\" allow=\"accelerometer; autoplay; clipboard-write; encrypted-media; gyroscope; picture-in-picture; web-share\" referrerpolicy=\"strict-origin-when-cross-origin\" allowfullscreen><\/iframe><\/div><\/div><div class=\"video-text\"><\/div><a href=\"#\" class=\"toggle-popup\"><i class=\"fa fa-play\"><\/i><\/a><\/div><\/div><\/div><\/div><div id=\"pgc-3297-0-1\" class=\"panel-grid-cell\"><div id=\"panel-3297-0-1-0\" class=\"so-panel widget widget_sydney_video_widget sydney_video_widget_widget panel-first-child panel-last-child\" data-index=\"1\"><div style=\"text-align: left;\" data-title-color=\"#443f3f\" data-headings-color=\"#443f3f\" class=\"panel-widget-style panel-widget-style-for-3297-0-1-0\"><h3 class=\"widget-title\">H580T<\/h3><div class=\"sydney-video vid-normal\"><div class=\"video-overlay\"><div class=\"sydney-video-inner\"><span class=\"close-popup\"><i class=\"fa fa-times\"><\/i><\/span><iframe loading=\"lazy\" title=\"Heracles H580T Telescopic Wheel Loaders in the Snow - Low Cost Chinese Loader\" width=\"1170\" height=\"658\" src=\"https:\/\/www.youtube.com\/embed\/6YoI48vodls?feature=oembed\" frameborder=\"0\" allow=\"accelerometer; autoplay; clipboard-write; encrypted-media; gyroscope; picture-in-picture; web-share\" referrerpolicy=\"strict-origin-when-cross-origin\" allowfullscreen><\/iframe><\/div><\/div><div class=\"video-text\">H580T in the Snow<\/div><a href=\"#\" class=\"toggle-popup\"><i class=\"fa fa-play\"><\/i><\/a><\/div><\/div><\/div><\/div><div id=\"pgc-3297-0-2\" class=\"panel-grid-cell\"><div id=\"panel-3297-0-2-0\" class=\"so-panel widget widget_sydney_video_widget sydney_video_widget_widget panel-first-child panel-last-child\" data-index=\"2\"><div style=\"text-align: left;\" data-title-color=\"#443f3f\" data-headings-color=\"#443f3f\" class=\"panel-widget-style panel-widget-style-for-3297-0-2-0\"><h3 class=\"widget-title\">H580T<\/h3><div class=\"sydney-video vid-normal\"><div class=\"video-overlay\"><div class=\"sydney-video-inner\"><span class=\"close-popup\"><i class=\"fa fa-times\"><\/i><\/span><iframe loading=\"lazy\" title=\"Heracles H580T Telescopic Loader\" width=\"1170\" height=\"658\" src=\"https:\/\/www.youtube.com\/embed\/3I1-wxJ75MA?feature=oembed\" frameborder=\"0\" allow=\"accelerometer; autoplay; clipboard-write; encrypted-media; gyroscope; picture-in-picture; web-share\" referrerpolicy=\"strict-origin-when-cross-origin\" allowfullscreen><\/iframe><\/div><\/div><div class=\"video-text\">H580T Presentation<\/div><a href=\"#\" class=\"toggle-popup\"><i class=\"fa fa-play\"><\/i><\/a><\/div><\/div><\/div><\/div><\/div><\/div><div id=\"pg-3297-1\" class=\"panel-grid panel-has-style\"><div class=\"siteorigin-panels-stretch panel-row-style panel-row-style-for-3297-1\" style=\"padding: 20px 0; \" data-stretch-type=\"full\" data-overlay=\"true\" data-overlay-color=\"#000000\"><div id=\"pgc-3297-1-0\" class=\"panel-grid-cell\"><div id=\"panel-3297-1-0-0\" class=\"so-panel widget widget_sydney_action sydney_action_widget panel-first-child panel-last-child\" data-index=\"3\"><div style=\"text-align: left;\" data-title-color=\"#000000\" data-headings-color=\"#000000\" class=\"panel-widget-style panel-widget-style-for-3297-1-0-0\">        <div class=\"roll-promobox aside-style\">\r\n\t\t\t<div class=\"promo-wrap\">\r\n\t\t\t\t\t\t\t\t<div class=\"promo-content\">\r\n\t\t\t\t\t<h3 class=\"title\"><a href=\"https:\/\/www.heraclesloaders.com\/es\/heracles-wheel-loaders\/\">Cont\u00e1ctenos para una Cotizaci\u00f3n Gratuita<\/a><\/h3>\r\n\t\t\t\t<\/div>\r\n\t\t\t\t\t\t\t\t<div class=\"promo-controls\">\r\n\t\t\t\t\t<a href=\"\" class=\"roll-button border\"><\/a>\r\n\t\t\t\t<\/div>\r\n\t\t\t<\/div>\r\n        <\/div>\r\n\t<\/div><\/div><\/div><\/div><\/div><div id=\"pg-3297-2\" class=\"panel-grid panel-has-style\"><div class=\"siteorigin-panels-stretch panel-row-style panel-row-style-for-3297-2\" style=\"padding: 10px 0; \" data-stretch-type=\"full\" data-overlay=\"true\" data-overlay-color=\"#000000\"><div id=\"pgc-3297-2-0\" class=\"panel-grid-cell\"><div id=\"panel-3297-2-0-0\" class=\"so-panel widget widget_sow-social-media-buttons panel-first-child\" data-index=\"4\"><div style=\"text-align: left;\" data-title-color=\"#443f3f\" data-headings-color=\"#443f3f\" class=\"panel-widget-style panel-widget-style-for-3297-2-0-0\"><div class=\"so-widget-sow-social-media-buttons so-widget-sow-social-media-buttons-atom-19e4ef907fc4-3297\">\n\n<div class=\"social-media-button-container\">\n\t\n\t\t<a class=\"ow-button-hover sow-social-media-button-facebook-0 sow-social-media-button\" title=\"HERACLES Wheel Loaders OFFICIAL SITE en Facebook\" aria-label=\"HERACLES Wheel Loaders OFFICIAL SITE en Facebook\" target=\"_blank\" rel=\"noopener noreferrer\" href=\"https:\/\/www.facebook.com\/heraclesloaders\">\n\t\t\t<span>\n\t\t\t\t\t\t\t\t<span class=\"sow-icon-fontawesome sow-fab\" data-sow-icon=\"\uf39e\" aria-hidden=\"true\"><\/span>\t\t\t\t\t\t\t<\/span>\n\t\t<\/a>\n\t\n\t\t<a class=\"ow-button-hover sow-social-media-button-youtube-0 sow-social-media-button\" title=\"HERACLES Wheel Loaders OFFICIAL SITE en Youtube\" aria-label=\"HERACLES Wheel Loaders OFFICIAL SITE en Youtube\" target=\"_blank\" rel=\"noopener noreferrer\" href=\"https:\/\/www.youtube.com\/@heraclesloaders\">\n\t\t\t<span>\n\t\t\t\t\t\t\t\t<span class=\"sow-icon-fontawesome sow-fab\" data-sow-icon=\"\uf167\" aria-hidden=\"true\"><\/span>\t\t\t\t\t\t\t<\/span>\n\t\t<\/a>\n\t<\/div>\n<\/div><\/div><\/div><div id=\"panel-3297-2-0-1\" class=\"so-panel widget widget_siteorigin-panels-builder panel-last-child\" data-index=\"5\"><div style=\"text-align: left;\" data-title-color=\"#443f3f\" data-headings-color=\"#443f3f\" class=\"panel-widget-style panel-widget-style-for-3297-2-0-1\"><div id=\"pl-w5a59bf7037921\" class=\"panel-layout\"><div id=\"pg-w5a59bf7037921-0\" class=\"panel-grid panel-has-style\"><div class=\"siteorigin-panels-stretch panel-row-style panel-row-style-for-w5a59bf7037921-0\" style=\"padding: 0px 0; \" data-stretch-type=\"full\" data-overlay=\"true\" data-overlay-color=\"#000000\"><div id=\"pgc-w5a59bf7037921-0-0\" class=\"panel-grid-cell\"><div id=\"panel-w5a59bf7037921-0-0-0\" class=\"so-panel widget widget_sow-editor panel-first-child panel-last-child\" data-index=\"0\"><div style=\"text-align: left;\" data-title-color=\"#443f3f\" data-headings-color=\"#443f3f\" class=\"panel-widget-style panel-widget-style-for-w5a59bf7037921-0-0-0\"><div class=\"so-widget-sow-editor so-widget-sow-editor-base\">\n<div class=\"siteorigin-widget-tinymce textwidget\">\n\t<p><\/p><span><strong>EMPRESA<\/strong><\/span>\n<p><span style=\"font-size: small;\"> En HERACLES nos esforzamos por fabricar los mejores equipos del mercado centr\u00e1ndonos en la calidad, la fiabilidad y la excelencia en el dise\u00f1o. <\/span><\/p>\n<p><span style=\"font-size: small;\"> Nuestro equipo de soporte dedicado le ayudar\u00e1 en todo momento. Estamos disponibles 24 horas al d\u00eda, 7 d\u00edas a la semana. <\/span><\/p>\n<\/div>\n<\/div><\/div><\/div><\/div><div id=\"pgc-w5a59bf7037921-0-1\" class=\"panel-grid-cell\"><div id=\"panel-w5a59bf7037921-0-1-0\" class=\"so-panel widget widget_sow-editor panel-first-child panel-last-child\" data-index=\"1\"><div style=\"text-align: left;\" data-title-color=\"#443f3f\" data-headings-color=\"#443f3f\" class=\"panel-widget-style panel-widget-style-for-w5a59bf7037921-0-1-0\"><div class=\"so-widget-sow-editor so-widget-sow-editor-base\">\n<div class=\"siteorigin-widget-tinymce textwidget\">\n\t<p><\/p><strong>HERACLES<\/strong>\n<p><span style=\"font-size: small;\"><a href=\"http:\/\/www.heraclesloaders.com\/es\/\">P\u00e1gina Principal<\/a><\/span><\/p>\n<p><span style=\"font-size: small;\"><a href=\"http:\/\/www.heraclesloaders.com\/es\/heracles-h580-wheel-loader\/\">Cargadoras<\/a><\/span><\/p>\n<p><span style=\"font-size: small;\"><a href=\"http:\/\/www.heraclesloaders.com\/es\/h580t-telescopic-loader\/\">Cargadoras Telesc\u00f3picas<\/a><\/span><\/p>\n<p><span style=\"font-size: small;\"><a href=\"http:\/\/www.heraclesloaders.com\/es\/heracles-loader\/\">Accesorios<\/a><\/span><\/p>\n<\/div>\n<\/div><\/div><\/div><\/div><div id=\"pgc-w5a59bf7037921-0-2\" class=\"panel-grid-cell\"><div id=\"panel-w5a59bf7037921-0-2-0\" class=\"so-panel widget widget_sow-editor panel-first-child panel-last-child\" data-index=\"2\"><div style=\"text-align: left;\" data-title-color=\"#443f3f\" data-headings-color=\"#443f3f\" class=\"panel-widget-style panel-widget-style-for-w5a59bf7037921-0-2-0\"><div class=\"so-widget-sow-editor so-widget-sow-editor-base\">\n<div class=\"siteorigin-widget-tinymce textwidget\">\n\t<p><\/p><span>\u00a0<\/span>\n<p><span style=\"font-size: small;\"><a href=\"http:\/\/www.heraclesloaders.com\/es\/heracles-wheel-loaders\/\">Contacto<\/a><\/span><\/p>\n<p><span style=\"font-size: small;\"><a href=\"http:\/\/www.heraclesloaders.com\/es\/heracles-wheel-loaders\/\">Sobre Nosotros<\/a><\/span><\/p>\n<p><span style=\"font-size: small;\"><a href=\"http:\/\/www.heraclesloaders.com\/es\/heracles-loaders\/\">Piezas<\/a><\/span><\/p>\n<p><span style=\"font-size: small;\"><a href=\"\/es\/%E2%80%9Chttp:\/\/www.heraclesloaders.com\/heracles\/%22\/\">Garant\u00eda<\/a><\/span><\/p>\n<\/div>\n<\/div><\/div><\/div><\/div><div id=\"pgc-w5a59bf7037921-0-3\" class=\"panel-grid-cell panel-grid-cell-empty\"><\/div><div id=\"pgc-w5a59bf7037921-0-4\" class=\"panel-grid-cell\"><div id=\"panel-w5a59bf7037921-0-4-0\" class=\"so-panel widget widget_sow-editor panel-first-child panel-last-child\" data-index=\"3\"><div style=\"text-align: left;\" data-title-color=\"#443f3f\" data-headings-color=\"#443f3f\" class=\"panel-widget-style panel-widget-style-for-w5a59bf7037921-0-4-0\"><div class=\"so-widget-sow-editor so-widget-sow-editor-base\">\n<div class=\"siteorigin-widget-tinymce textwidget\">\n\t<p><\/p><strong>HORARIOS<\/strong>\n<p><span style=\"font-size: small;\">Soporte T\u00e9cnico - abierto a todas horas.<\/span><\/p>\n<p><span style=\"font-size: small;\"><strong>HORARIO F\u00c1BRICA<\/strong><br>Lunes - S\u00e1bado:  9am - 5pm <br>Domingo:  9am - 2pm<\/span><\/p>\n<\/div>\n<\/div><\/div><\/div><\/div><div id=\"pgc-w5a59bf7037921-0-5\" class=\"panel-grid-cell\"><div id=\"panel-w5a59bf7037921-0-5-0\" class=\"so-panel widget widget_sow-editor panel-first-child panel-last-child\" data-index=\"4\"><div style=\"text-align: left;\" data-title-color=\"#443f3f\" data-headings-color=\"#443f3f\" class=\"panel-widget-style panel-widget-style-for-w5a59bf7037921-0-5-0\"><div class=\"so-widget-sow-editor so-widget-sow-editor-base\">\n<div class=\"siteorigin-widget-tinymce textwidget\">\n\t<p><\/p><strong>F\u00c1BRICA<\/strong>\n<p><span style=\"font-size: small;\"><strong>DIRECCI\u00d3N<\/strong><br>Qingdao Heracles Machinery Manufacturing<br> Zona Industrial D<br>Qingdao - Shandong<br>CHINA<br>TEL\u00c9FONO: +86 1-347-858-5715<\/span><\/p>\n<\/div>\n<\/div><\/div><\/div><\/div><\/div><\/div><\/div><\/div><\/div><\/div><\/div><\/div><\/div><\/body>","protected":false},"excerpt":{"rendered":"<p>H580TH580TH580T in the SnowH580TH580T Presentation Contact Us for a Free Quote ABOUT COMPANY At HERACLES Wheel Loaders &amp; Construction Equipment we strive to make the best equipment in the market by focusing on quality, reliability and excellence in design. Our dedicated Support Team will help you all the way. We are here for you 24\/7. COMPANY Home Loaders Telescopic Attachments \u00a0 Contact Us About Us Parts Warranty BUSINESS HOURS Our Support Team is available to help you 24 hours a day, seven days a week. FACTORY HOURSMonday &#8211; Saturday: \u00a09am &#8211; 5pm Sunday: \u00a09am &#8211; [&hellip;]<\/p>\n","protected":false},"author":1,"featured_media":0,"parent":0,"menu_order":0,"comment_status":"closed","ping_status":"closed","template":"page-templates\/page_front-page.php","meta":{"om_disable_all_campaigns":false,"_monsterinsights_skip_tracking":false,"_monsterinsights_sitenote_active":false,"_monsterinsights_sitenote_note":"","_monsterinsights_sitenote_category":0,"footnotes":""},"class_list":["post-3297","page","type-page","status-publish","hentry"],"yoast_head":"<!-- This site is optimized with the Yoast SEO plugin v27.4 - https:\/\/yoast.com\/product\/yoast-seo-wordpress\/ -->\n<title>H580T TELESCOPIC LOADER - HERACLES Wheel Loaders OFFICIAL SITE<\/title>\n<meta name=\"robots\" content=\"index, follow, max-snippet:-1, max-image-preview:large, max-video-preview:-1\" \/>\n<link rel=\"canonical\" href=\"https:\/\/www.heraclesloaders.com\/es\/h580t-videos\/\" \/>\n<meta property=\"og:locale\" content=\"es_ES\" \/>\n<meta property=\"og:type\" content=\"article\" \/>\n<meta property=\"og:title\" content=\"H580T TELESCOPIC LOADER - HERACLES Wheel Loaders OFFICIAL SITE\" \/>\n<meta property=\"og:description\" content=\"H580TH580TH580T in the SnowH580TH580T Presentation Contact Us for a Free Quote ABOUT COMPANY At HERACLES Wheel Loaders &amp; Construction Equipment we strive to make the best equipment in the market by focusing on quality, reliability and excellence in design. Our dedicated Support Team will help you all the way. We are here for you 24\/7. COMPANY Home Loaders Telescopic Attachments \u00a0 Contact Us About Us Parts Warranty BUSINESS HOURS Our Support Team is available to help you 24 hours a day, seven days a week. FACTORY HOURSMonday - Saturday: \u00a09am - 5pm Sunday: \u00a09am - [&hellip;]\" \/>\n<meta property=\"og:url\" content=\"https:\/\/www.heraclesloaders.com\/es\/h580t-videos\/\" \/>\n<meta property=\"og:site_name\" content=\"HERACLES Wheel Loaders OFFICIAL SITE\" \/>\n<meta name=\"twitter:card\" content=\"summary_large_image\" \/>\n<script type=\"application\/ld+json\" class=\"yoast-schema-graph\">{\"@context\":\"https:\\\/\\\/schema.org\",\"@graph\":[{\"@type\":\"WebPage\",\"@id\":\"https:\\\/\\\/www.heraclesloaders.com\\\/en_us\\\/h580t-videos\\\/\",\"url\":\"https:\\\/\\\/www.heraclesloaders.com\\\/en_us\\\/h580t-videos\\\/\",\"name\":\"H580T TELESCOPIC LOADER - HERACLES Wheel Loaders OFFICIAL SITE\",\"isPartOf\":{\"@id\":\"https:\\\/\\\/www.heraclesloaders.com\\\/en_us\\\/#website\"},\"datePublished\":\"2023-08-30T22:47:19+00:00\",\"breadcrumb\":{\"@id\":\"https:\\\/\\\/www.heraclesloaders.com\\\/en_us\\\/h580t-videos\\\/#breadcrumb\"},\"inLanguage\":\"es\",\"potentialAction\":[{\"@type\":\"ReadAction\",\"target\":[\"https:\\\/\\\/www.heraclesloaders.com\\\/en_us\\\/h580t-videos\\\/\"]}]},{\"@type\":\"BreadcrumbList\",\"@id\":\"https:\\\/\\\/www.heraclesloaders.com\\\/en_us\\\/h580t-videos\\\/#breadcrumb\",\"itemListElement\":[{\"@type\":\"ListItem\",\"position\":1,\"name\":\"Home\",\"item\":\"https:\\\/\\\/www.heraclesloaders.com\\\/en_us\\\/\"},{\"@type\":\"ListItem\",\"position\":2,\"name\":\"H580T TELESCOPIC LOADER\"}]},{\"@type\":\"WebSite\",\"@id\":\"https:\\\/\\\/www.heraclesloaders.com\\\/en_us\\\/#website\",\"url\":\"https:\\\/\\\/www.heraclesloaders.com\\\/en_us\\\/\",\"name\":\"HERACLES Wheel Loaders OFFICIAL SITE\",\"description\":\"HERACLES Loaders and Excavators\",\"potentialAction\":[{\"@type\":\"SearchAction\",\"target\":{\"@type\":\"EntryPoint\",\"urlTemplate\":\"https:\\\/\\\/www.heraclesloaders.com\\\/en_us\\\/?s={search_term_string}\"},\"query-input\":{\"@type\":\"PropertyValueSpecification\",\"valueRequired\":true,\"valueName\":\"search_term_string\"}}],\"inLanguage\":\"es\"}]}<\/script>\n<!-- \/ Yoast SEO plugin. -->","yoast_head_json":{"title":"H580T TELESCOPIC LOADER - HERACLES Wheel Loaders OFFICIAL SITE","robots":{"index":"index","follow":"follow","max-snippet":"max-snippet:-1","max-image-preview":"max-image-preview:large","max-video-preview":"max-video-preview:-1"},"canonical":"https:\/\/www.heraclesloaders.com\/es\/h580t-videos\/","og_locale":"es_ES","og_type":"article","og_title":"H580T TELESCOPIC LOADER - HERACLES Wheel Loaders OFFICIAL SITE","og_description":"H580TH580TH580T in the SnowH580TH580T Presentation Contact Us for a Free Quote ABOUT COMPANY At HERACLES Wheel Loaders &amp; Construction Equipment we strive to make the best equipment in the market by focusing on quality, reliability and excellence in design. Our dedicated Support Team will help you all the way. We are here for you 24\/7. COMPANY Home Loaders Telescopic Attachments \u00a0 Contact Us About Us Parts Warranty BUSINESS HOURS Our Support Team is available to help you 24 hours a day, seven days a week. FACTORY HOURSMonday - Saturday: \u00a09am - 5pm Sunday: \u00a09am - [&hellip;]","og_url":"https:\/\/www.heraclesloaders.com\/es\/h580t-videos\/","og_site_name":"HERACLES Wheel Loaders OFFICIAL SITE","twitter_card":"summary_large_image","schema":{"@context":"https:\/\/schema.org","@graph":[{"@type":"WebPage","@id":"https:\/\/www.heraclesloaders.com\/en_us\/h580t-videos\/","url":"https:\/\/www.heraclesloaders.com\/en_us\/h580t-videos\/","name":"H580T TELESCOPIC LOADER - HERACLES Wheel Loaders OFFICIAL SITE","isPartOf":{"@id":"https:\/\/www.heraclesloaders.com\/en_us\/#website"},"datePublished":"2023-08-30T22:47:19+00:00","breadcrumb":{"@id":"https:\/\/www.heraclesloaders.com\/en_us\/h580t-videos\/#breadcrumb"},"inLanguage":"es","potentialAction":[{"@type":"ReadAction","target":["https:\/\/www.heraclesloaders.com\/en_us\/h580t-videos\/"]}]},{"@type":"BreadcrumbList","@id":"https:\/\/www.heraclesloaders.com\/en_us\/h580t-videos\/#breadcrumb","itemListElement":[{"@type":"ListItem","position":1,"name":"Home","item":"https:\/\/www.heraclesloaders.com\/en_us\/"},{"@type":"ListItem","position":2,"name":"H580T TELESCOPIC LOADER"}]},{"@type":"WebSite","@id":"https:\/\/www.heraclesloaders.com\/en_us\/#website","url":"https:\/\/www.heraclesloaders.com\/en_us\/","name":"P\u00c1GINA OFICIAL HERACLES","description":"HERACLES Loaders and Excavators","potentialAction":[{"@type":"SearchAction","target":{"@type":"EntryPoint","urlTemplate":"https:\/\/www.heraclesloaders.com\/en_us\/?s={search_term_string}"},"query-input":{"@type":"PropertyValueSpecification","valueRequired":true,"valueName":"search_term_string"}}],"inLanguage":"es"}]}},"jetpack_sharing_enabled":true,"_links":{"self":[{"href":"https:\/\/www.heraclesloaders.com\/es\/wp-json\/wp\/v2\/pages\/3297","targetHints":{"allow":["GET"]}}],"collection":[{"href":"https:\/\/www.heraclesloaders.com\/es\/wp-json\/wp\/v2\/pages"}],"about":[{"href":"https:\/\/www.heraclesloaders.com\/es\/wp-json\/wp\/v2\/types\/page"}],"author":[{"embeddable":true,"href":"https:\/\/www.heraclesloaders.com\/es\/wp-json\/wp\/v2\/users\/1"}],"replies":[{"embeddable":true,"href":"https:\/\/www.heraclesloaders.com\/es\/wp-json\/wp\/v2\/comments?post=3297"}],"version-history":[{"count":2,"href":"https:\/\/www.heraclesloaders.com\/es\/wp-json\/wp\/v2\/pages\/3297\/revisions"}],"predecessor-version":[{"id":3299,"href":"https:\/\/www.heraclesloaders.com\/es\/wp-json\/wp\/v2\/pages\/3297\/revisions\/3299"}],"wp:attachment":[{"href":"https:\/\/www.heraclesloaders.com\/es\/wp-json\/wp\/v2\/media?parent=3297"}],"curies":[{"name":"wp","href":"https:\/\/api.w.org\/{rel}","templated":true}]}}